{"id":1004,"date":"2022-10-05T16:04:41","date_gmt":"2022-10-05T16:04:41","guid":{"rendered":"https:\/\/www.azapartments.ch\/images-videos\/"},"modified":"2024-04-11T10:33:19","modified_gmt":"2024-04-11T10:33:19","slug":"images-videos","status":"publish","type":"page","link":"https:\/\/www.azapartments.ch\/fr\/images-videos\/","title":{"rendered":"Images &amp; vid\u00e9os"},"content":{"rendered":"\n<div class=\"wp-block-uagb-container bookbox uagb-block-ce4f7f7b alignfull uagb-is-root-container\"><div class=\"uagb-container-inner-blocks-wrap\">\n<div style=\"height:60px\" aria-hidden=\"true\" class=\"wp-block-spacer\"><\/div>\n\n\n\n<h1 class=\"wp-block-heading\">Images et vid\u00e9os<\/h1>\n\n\n\n<div style=\"height:50px\" aria-hidden=\"true\" class=\"wp-block-spacer\"><\/div>\n\n\n\n<figure class=\"wp-block-gallery has-nested-images columns-default is-cropped wp-block-gallery-1 is-layout-flex wp-block-gallery-is-layout-flex\">\n<figure class=\"wp-block-image size-large\"><a href=\"https:\/\/www.azapartments.ch\/wp-content\/uploads\/2022\/11\/50713177-scaled.jpg\"><img loading=\"lazy\" decoding=\"async\" width=\"2560\" height=\"1707\" data-id=\"589\" src=\"https:\/\/www.azapartments.ch\/wp-content\/uploads\/2022\/11\/50713177-scaled.jpg\" alt=\"Vue de la maison Lunic\" class=\"wp-image-589\" srcset=\"https:\/\/www.azapartments.ch\/wp-content\/uploads\/2022\/11\/50713177-scaled.jpg 2560w, https:\/\/www.azapartments.ch\/wp-content\/uploads\/2022\/11\/50713177-300x200.jpg 300w, https:\/\/www.azapartments.ch\/wp-content\/uploads\/2022\/11\/50713177-1024x683.jpg 1024w, https:\/\/www.azapartments.ch\/wp-content\/uploads\/2022\/11\/50713177-768x512.jpg 768w, https:\/\/www.azapartments.ch\/wp-content\/uploads\/2022\/11\/50713177-1536x1024.jpg 1536w, https:\/\/www.azapartments.ch\/wp-content\/uploads\/2022\/11\/50713177-2048x1365.jpg 2048w\" sizes=\"auto, (max-width: 2560px) 100vw, 2560px\" \/><\/a><figcaption class=\"wp-element-caption\">Lunic : Vue<\/figcaption><\/figure>\n\n\n\n<figure class=\"wp-block-image size-large\"><a href=\"https:\/\/www.azapartments.ch\/wp-content\/uploads\/2022\/11\/50713157-scaled.jpg\"><img loading=\"lazy\" decoding=\"async\" width=\"2560\" height=\"1707\" data-id=\"591\" src=\"https:\/\/www.azapartments.ch\/wp-content\/uploads\/2022\/11\/50713157-scaled.jpg\" alt=\"Vue et vue de la maison Lunic\" class=\"wp-image-591\" srcset=\"https:\/\/www.azapartments.ch\/wp-content\/uploads\/2022\/11\/50713157-scaled.jpg 2560w, https:\/\/www.azapartments.ch\/wp-content\/uploads\/2022\/11\/50713157-300x200.jpg 300w, https:\/\/www.azapartments.ch\/wp-content\/uploads\/2022\/11\/50713157-1024x683.jpg 1024w, https:\/\/www.azapartments.ch\/wp-content\/uploads\/2022\/11\/50713157-768x512.jpg 768w, https:\/\/www.azapartments.ch\/wp-content\/uploads\/2022\/11\/50713157-1536x1024.jpg 1536w, https:\/\/www.azapartments.ch\/wp-content\/uploads\/2022\/11\/50713157-2048x1365.jpg 2048w\" sizes=\"auto, (max-width: 2560px) 100vw, 2560px\" \/><\/a><figcaption class=\"wp-element-caption\">Vue<\/figcaption><\/figure>\n\n\n\n<figure class=\"wp-block-image size-large\"><a href=\"https:\/\/www.azapartments.ch\/wp-content\/uploads\/2022\/11\/92234035.jpg\"><img loading=\"lazy\" decoding=\"async\" width=\"2400\" height=\"1600\" data-id=\"592\" src=\"https:\/\/www.azapartments.ch\/wp-content\/uploads\/2022\/11\/92234035.jpg\" alt=\"Terrain de jeu en gazon avec tour de jeu, toboggan, trampoline, goal de football, filet de badminton, filet de volley-ball, jeu de boggia, tennis de table, barres de gymnastique doubles, etc.\" class=\"wp-image-592\" srcset=\"https:\/\/www.azapartments.ch\/wp-content\/uploads\/2022\/11\/92234035.jpg 2400w, https:\/\/www.azapartments.ch\/wp-content\/uploads\/2022\/11\/92234035-300x200.jpg 300w, https:\/\/www.azapartments.ch\/wp-content\/uploads\/2022\/11\/92234035-1024x683.jpg 1024w, https:\/\/www.azapartments.ch\/wp-content\/uploads\/2022\/11\/92234035-768x512.jpg 768w, https:\/\/www.azapartments.ch\/wp-content\/uploads\/2022\/11\/92234035-1536x1024.jpg 1536w, https:\/\/www.azapartments.ch\/wp-content\/uploads\/2022\/11\/92234035-2048x1365.jpg 2048w\" sizes=\"auto, (max-width: 2400px) 100vw, 2400px\" \/><\/a><figcaption class=\"wp-element-caption\">Terrain de jeu en gazon<\/figcaption><\/figure>\n\n\n\n<figure class=\"wp-block-image size-large\"><a href=\"https:\/\/www.azapartments.ch\/wp-content\/uploads\/2022\/11\/N8-scaled.jpg\"><img loading=\"lazy\" decoding=\"async\" width=\"2560\" height=\"1707\" data-id=\"595\" src=\"https:\/\/www.azapartments.ch\/wp-content\/uploads\/2022\/11\/N8-scaled.jpg\" alt=\"Cuisine et salle &#xE0; manger de la maison Lunic\" class=\"wp-image-595\" srcset=\"https:\/\/www.azapartments.ch\/wp-content\/uploads\/2022\/11\/N8-scaled.jpg 2560w, https:\/\/www.azapartments.ch\/wp-content\/uploads\/2022\/11\/N8-300x200.jpg 300w, https:\/\/www.azapartments.ch\/wp-content\/uploads\/2022\/11\/N8-1024x683.jpg 1024w, https:\/\/www.azapartments.ch\/wp-content\/uploads\/2022\/11\/N8-768x512.jpg 768w, https:\/\/www.azapartments.ch\/wp-content\/uploads\/2022\/11\/N8-1536x1024.jpg 1536w, https:\/\/www.azapartments.ch\/wp-content\/uploads\/2022\/11\/N8-2048x1365.jpg 2048w\" sizes=\"auto, (max-width: 2560px) 100vw, 2560px\" \/><\/a><figcaption class=\"wp-element-caption\">Lunic : cuisiner, manger<\/figcaption><\/figure>\n\n\n\n<figure class=\"wp-block-image size-large\"><a href=\"https:\/\/www.azapartments.ch\/wp-content\/uploads\/2022\/11\/3-scaled.jpg\"><img loading=\"lazy\" decoding=\"async\" width=\"2560\" height=\"1707\" data-id=\"594\" src=\"https:\/\/www.azapartments.ch\/wp-content\/uploads\/2022\/11\/3-scaled.jpg\" alt=\"Chambre &#xE0; coucher de la maison Lunic\" class=\"wp-image-594\" srcset=\"https:\/\/www.azapartments.ch\/wp-content\/uploads\/2022\/11\/3-scaled.jpg 2560w, https:\/\/www.azapartments.ch\/wp-content\/uploads\/2022\/11\/3-300x200.jpg 300w, https:\/\/www.azapartments.ch\/wp-content\/uploads\/2022\/11\/3-1024x683.jpg 1024w, https:\/\/www.azapartments.ch\/wp-content\/uploads\/2022\/11\/3-768x512.jpg 768w, https:\/\/www.azapartments.ch\/wp-content\/uploads\/2022\/11\/3-1536x1024.jpg 1536w, https:\/\/www.azapartments.ch\/wp-content\/uploads\/2022\/11\/3-2048x1365.jpg 2048w\" sizes=\"auto, (max-width: 2560px) 100vw, 2560px\" \/><\/a><figcaption class=\"wp-element-caption\">Lunic : Chambre \u00e0 coucher<\/figcaption><\/figure>\n\n\n\n<figure class=\"wp-block-image size-large\"><a href=\"https:\/\/www.azapartments.ch\/wp-content\/uploads\/2022\/11\/Spielwelt-1-scaled.jpg\"><img loading=\"lazy\" decoding=\"async\" width=\"2560\" height=\"1707\" data-id=\"597\" src=\"https:\/\/www.azapartments.ch\/wp-content\/uploads\/2022\/11\/Spielwelt-1-scaled.jpg\" alt=\"Univers de jeu dans la maison Lunic\" class=\"wp-image-597\" srcset=\"https:\/\/www.azapartments.ch\/wp-content\/uploads\/2022\/11\/Spielwelt-1-scaled.jpg 2560w, https:\/\/www.azapartments.ch\/wp-content\/uploads\/2022\/11\/Spielwelt-1-300x200.jpg 300w, https:\/\/www.azapartments.ch\/wp-content\/uploads\/2022\/11\/Spielwelt-1-1024x683.jpg 1024w, https:\/\/www.azapartments.ch\/wp-content\/uploads\/2022\/11\/Spielwelt-1-768x512.jpg 768w, https:\/\/www.azapartments.ch\/wp-content\/uploads\/2022\/11\/Spielwelt-1-1536x1024.jpg 1536w, https:\/\/www.azapartments.ch\/wp-content\/uploads\/2022\/11\/Spielwelt-1-2048x1365.jpg 2048w\" sizes=\"auto, (max-width: 2560px) 100vw, 2560px\" \/><\/a><figcaption class=\"wp-element-caption\">Lunic : Monde des jeux<\/figcaption><\/figure>\n\n\n\n<figure class=\"wp-block-image size-large\"><a href=\"https:\/\/www.azapartments.ch\/wp-content\/uploads\/2022\/11\/92234233.jpg\"><img loading=\"lazy\" decoding=\"async\" width=\"2400\" height=\"1600\" data-id=\"593\" src=\"https:\/\/www.azapartments.ch\/wp-content\/uploads\/2022\/11\/92234233.jpg\" alt=\"Espace barbecue\" class=\"wp-image-593\" srcset=\"https:\/\/www.azapartments.ch\/wp-content\/uploads\/2022\/11\/92234233.jpg 2400w, https:\/\/www.azapartments.ch\/wp-content\/uploads\/2022\/11\/92234233-300x200.jpg 300w, https:\/\/www.azapartments.ch\/wp-content\/uploads\/2022\/11\/92234233-1024x683.jpg 1024w, https:\/\/www.azapartments.ch\/wp-content\/uploads\/2022\/11\/92234233-768x512.jpg 768w, https:\/\/www.azapartments.ch\/wp-content\/uploads\/2022\/11\/92234233-1536x1024.jpg 1536w, https:\/\/www.azapartments.ch\/wp-content\/uploads\/2022\/11\/92234233-2048x1365.jpg 2048w\" sizes=\"auto, (max-width: 2400px) 100vw, 2400px\" \/><\/a><figcaption class=\"wp-element-caption\">Espace barbecue<\/figcaption><\/figure>\n\n\n\n<figure class=\"wp-block-image size-large\"><a href=\"https:\/\/www.azapartments.ch\/wp-content\/uploads\/2022\/11\/N12-scaled.jpg\"><img loading=\"lazy\" decoding=\"async\" width=\"2560\" height=\"1707\" data-id=\"596\" src=\"https:\/\/www.azapartments.ch\/wp-content\/uploads\/2022\/11\/N12-scaled.jpg\" alt=\"Salle de bains de la maison Lunic\" class=\"wp-image-596\" srcset=\"https:\/\/www.azapartments.ch\/wp-content\/uploads\/2022\/11\/N12-scaled.jpg 2560w, https:\/\/www.azapartments.ch\/wp-content\/uploads\/2022\/11\/N12-300x200.jpg 300w, https:\/\/www.azapartments.ch\/wp-content\/uploads\/2022\/11\/N12-1024x683.jpg 1024w, https:\/\/www.azapartments.ch\/wp-content\/uploads\/2022\/11\/N12-768x512.jpg 768w, https:\/\/www.azapartments.ch\/wp-content\/uploads\/2022\/11\/N12-1536x1024.jpg 1536w, https:\/\/www.azapartments.ch\/wp-content\/uploads\/2022\/11\/N12-2048x1365.jpg 2048w\" sizes=\"auto, (max-width: 2560px) 100vw, 2560px\" \/><\/a><figcaption class=\"wp-element-caption\">Lunic : Salle de bain - Wellness at home<\/figcaption><\/figure>\n\n\n\n<figure class=\"wp-block-image size-large\"><a href=\"https:\/\/www.azapartments.ch\/wp-content\/uploads\/2022\/11\/50713183-scaled.jpg\"><img loading=\"lazy\" decoding=\"async\" width=\"2560\" height=\"1707\" data-id=\"598\" src=\"https:\/\/www.azapartments.ch\/wp-content\/uploads\/2022\/11\/50713183-scaled.jpg\" alt=\"Vue de la maison Clarino\" class=\"wp-image-598\" srcset=\"https:\/\/www.azapartments.ch\/wp-content\/uploads\/2022\/11\/50713183-scaled.jpg 2560w, https:\/\/www.azapartments.ch\/wp-content\/uploads\/2022\/11\/50713183-300x200.jpg 300w, https:\/\/www.azapartments.ch\/wp-content\/uploads\/2022\/11\/50713183-1024x683.jpg 1024w, https:\/\/www.azapartments.ch\/wp-content\/uploads\/2022\/11\/50713183-768x512.jpg 768w, https:\/\/www.azapartments.ch\/wp-content\/uploads\/2022\/11\/50713183-1536x1024.jpg 1536w, https:\/\/www.azapartments.ch\/wp-content\/uploads\/2022\/11\/50713183-2048x1366.jpg 2048w\" sizes=\"auto, (max-width: 2560px) 100vw, 2560px\" \/><\/a><figcaption class=\"wp-element-caption\">Clarino : Vue<\/figcaption><\/figure>\n\n\n\n<figure class=\"wp-block-image size-large\"><a href=\"https:\/\/www.azapartments.ch\/wp-content\/uploads\/2022\/11\/65036510-scaled.jpg\"><img loading=\"lazy\" decoding=\"async\" width=\"2560\" height=\"1707\" data-id=\"600\" src=\"https:\/\/www.azapartments.ch\/wp-content\/uploads\/2022\/11\/65036510-scaled.jpg\" alt=\"Salle de s&#xE9;jour de la maison Clarino\" class=\"wp-image-600\" srcset=\"https:\/\/www.azapartments.ch\/wp-content\/uploads\/2022\/11\/65036510-scaled.jpg 2560w, https:\/\/www.azapartments.ch\/wp-content\/uploads\/2022\/11\/65036510-300x200.jpg 300w, https:\/\/www.azapartments.ch\/wp-content\/uploads\/2022\/11\/65036510-1024x683.jpg 1024w, https:\/\/www.azapartments.ch\/wp-content\/uploads\/2022\/11\/65036510-768x512.jpg 768w, https:\/\/www.azapartments.ch\/wp-content\/uploads\/2022\/11\/65036510-1536x1024.jpg 1536w, https:\/\/www.azapartments.ch\/wp-content\/uploads\/2022\/11\/65036510-2048x1365.jpg 2048w\" sizes=\"auto, (max-width: 2560px) 100vw, 2560px\" \/><\/a><figcaption class=\"wp-element-caption\">Clarino : Salon<\/figcaption><\/figure>\n\n\n\n<figure class=\"wp-block-image size-large\"><a href=\"https:\/\/www.azapartments.ch\/wp-content\/uploads\/2022\/11\/65036509-scaled.jpg\"><img loading=\"lazy\" decoding=\"async\" width=\"2560\" height=\"1707\" data-id=\"599\" src=\"https:\/\/www.azapartments.ch\/wp-content\/uploads\/2022\/11\/65036509-scaled.jpg\" alt=\"Salle &#xE0; manger de la maison Clarino\" class=\"wp-image-599\" srcset=\"https:\/\/www.azapartments.ch\/wp-content\/uploads\/2022\/11\/65036509-scaled.jpg 2560w, https:\/\/www.azapartments.ch\/wp-content\/uploads\/2022\/11\/65036509-300x200.jpg 300w, https:\/\/www.azapartments.ch\/wp-content\/uploads\/2022\/11\/65036509-1024x683.jpg 1024w, https:\/\/www.azapartments.ch\/wp-content\/uploads\/2022\/11\/65036509-768x512.jpg 768w, https:\/\/www.azapartments.ch\/wp-content\/uploads\/2022\/11\/65036509-1536x1024.jpg 1536w, https:\/\/www.azapartments.ch\/wp-content\/uploads\/2022\/11\/65036509-2048x1365.jpg 2048w\" sizes=\"auto, (max-width: 2560px) 100vw, 2560px\" \/><\/a><figcaption class=\"wp-element-caption\">Clarino : Salle \u00e0 manger<\/figcaption><\/figure>\n\n\n\n<figure class=\"wp-block-image size-large\"><a href=\"https:\/\/www.azapartments.ch\/wp-content\/uploads\/2022\/11\/65036511-scaled.jpg\"><img loading=\"lazy\" decoding=\"async\" width=\"2560\" height=\"1707\" data-id=\"601\" src=\"https:\/\/www.azapartments.ch\/wp-content\/uploads\/2022\/11\/65036511-scaled.jpg\" alt=\"Cuisine de la maison Clarino\" class=\"wp-image-601\" srcset=\"https:\/\/www.azapartments.ch\/wp-content\/uploads\/2022\/11\/65036511-scaled.jpg 2560w, https:\/\/www.azapartments.ch\/wp-content\/uploads\/2022\/11\/65036511-300x200.jpg 300w, https:\/\/www.azapartments.ch\/wp-content\/uploads\/2022\/11\/65036511-1024x683.jpg 1024w, https:\/\/www.azapartments.ch\/wp-content\/uploads\/2022\/11\/65036511-768x512.jpg 768w, https:\/\/www.azapartments.ch\/wp-content\/uploads\/2022\/11\/65036511-1536x1024.jpg 1536w, https:\/\/www.azapartments.ch\/wp-content\/uploads\/2022\/11\/65036511-2048x1365.jpg 2048w\" sizes=\"auto, (max-width: 2560px) 100vw, 2560px\" \/><\/a><figcaption class=\"wp-element-caption\">Clarino : Cuisine<\/figcaption><\/figure>\n\n\n\n<figure class=\"wp-block-image size-large\"><a href=\"https:\/\/www.azapartments.ch\/wp-content\/uploads\/2022\/11\/65036512-scaled.jpg\"><img loading=\"lazy\" decoding=\"async\" width=\"2560\" height=\"1707\" data-id=\"602\" src=\"https:\/\/www.azapartments.ch\/wp-content\/uploads\/2022\/11\/65036512-scaled.jpg\" alt=\"Chambre pour 2 personnes dans la maison Clarino\" class=\"wp-image-602\" srcset=\"https:\/\/www.azapartments.ch\/wp-content\/uploads\/2022\/11\/65036512-scaled.jpg 2560w, https:\/\/www.azapartments.ch\/wp-content\/uploads\/2022\/11\/65036512-300x200.jpg 300w, https:\/\/www.azapartments.ch\/wp-content\/uploads\/2022\/11\/65036512-1024x683.jpg 1024w, https:\/\/www.azapartments.ch\/wp-content\/uploads\/2022\/11\/65036512-768x512.jpg 768w, https:\/\/www.azapartments.ch\/wp-content\/uploads\/2022\/11\/65036512-1536x1024.jpg 1536w, https:\/\/www.azapartments.ch\/wp-content\/uploads\/2022\/11\/65036512-2048x1365.jpg 2048w\" sizes=\"auto, (max-width: 2560px) 100vw, 2560px\" \/><\/a><figcaption class=\"wp-element-caption\">Clarino : Chambre<\/figcaption><\/figure>\n\n\n\n<figure class=\"wp-block-image size-large\"><a href=\"https:\/\/www.azapartments.ch\/wp-content\/uploads\/2022\/11\/65036514-scaled.jpg\"><img loading=\"lazy\" decoding=\"async\" width=\"2560\" height=\"1707\" data-id=\"603\" src=\"https:\/\/www.azapartments.ch\/wp-content\/uploads\/2022\/11\/65036514-scaled.jpg\" alt=\"Chambre pour 4 personnes dans la maison Clarino\" class=\"wp-image-603\" srcset=\"https:\/\/www.azapartments.ch\/wp-content\/uploads\/2022\/11\/65036514-scaled.jpg 2560w, https:\/\/www.azapartments.ch\/wp-content\/uploads\/2022\/11\/65036514-300x200.jpg 300w, https:\/\/www.azapartments.ch\/wp-content\/uploads\/2022\/11\/65036514-1024x683.jpg 1024w, https:\/\/www.azapartments.ch\/wp-content\/uploads\/2022\/11\/65036514-768x512.jpg 768w, https:\/\/www.azapartments.ch\/wp-content\/uploads\/2022\/11\/65036514-1536x1024.jpg 1536w, https:\/\/www.azapartments.ch\/wp-content\/uploads\/2022\/11\/65036514-2048x1365.jpg 2048w\" sizes=\"auto, (max-width: 2560px) 100vw, 2560px\" \/><\/a><figcaption class=\"wp-element-caption\">Clarino : Chambre<\/figcaption><\/figure>\n<\/figure>\n\n\n\n<div class=\"wp-block-uagb-container uagb-block-2d5631fb\">\n<div class=\"wp-block-uagb-container uagb-block-f8ff6642\">\n<figure class=\"wp-block-video\"><video height=\"720\" style=\"aspect-ratio: 1280 \/ 720;\" width=\"1280\" controls=\"\" src=\"https:\/\/www.azapartments.ch\/wp-content\/uploads\/2023\/04\/AZ-Apartments-Graechen-Lunic-Clarino-im-Fruehsommer.mp4\"><\/video><\/figure>\n<\/div>\n\n\n\n<div class=\"wp-block-uagb-container uagb-block-7d304469\">\n<figure class=\"wp-block-video\"><video height=\"720\" style=\"aspect-ratio: 1280 \/ 720;\" width=\"1280\" controls=\"\" src=\"https:\/\/www.azapartments.ch\/wp-content\/uploads\/2023\/04\/AZ-Apartments-Graechen-Lunic-Clarino-im-Winter.mp4\"><\/video><\/figure>\n<\/div>\n<\/div>\n\n\n\n<div class=\"wp-block-uagb-container uagb-block-ee199ab5\">\n<p>Venez nous rendre visite d\u00e8s maintenant. Avec la visite virtuelle devant et \u00e0 travers la maison Lunic.<\/p>\n<\/div>\n\n\n\n<div class=\"wp-block-uagb-container uag-hide-mob uagb-block-496e322d\">\n<iframe loading=\"lazy\" src=\"\/virtualtourscript\/index.html\" width=\"100%\" height=\"723\" allowfullscreen=\"\" style=\"border:0px;\"><\/iframe>\n<\/div>\n\n\n\n<div class=\"wp-block-uagb-container uag-hide-desktop uag-hide-tab uagb-block-394e886a\">\n<iframe loading=\"lazy\" src=\"\/virtualtourscript\/index.html\" width=\"100%\" height=\"461\" allowfullscreen=\"\" style=\"border:0px;\"><\/iframe>\n<\/div>\n\n\n\n<div style=\"height:60px\" aria-hidden=\"true\" class=\"wp-block-spacer\"><\/div>\n<\/div><\/div>\n","protected":false},"excerpt":{"rendered":"<p>Images et vid\u00e9os Venez nous rendre visite d\u00e8s maintenant. Avec la visite virtuelle devant et \u00e0 travers la maison Lunic.<\/p>\n","protected":false},"author":1,"featured_media":0,"parent":0,"menu_order":0,"comment_status":"closed","ping_status":"closed","template":"","meta":{"inline_featured_image":false,"_uag_custom_page_level_css":"","footnotes":""},"class_list":["post-1004","page","type-page","status-publish","hentry"],"yoast_head":"<!-- This site is optimized with the Yoast SEO plugin v27.2 - https:\/\/yoast.com\/product\/yoast-seo-wordpress\/ -->\n<title>Images &amp; vid\u00e9os - AZapartments Gr\u00e4chen | Ferienwohnungen im Haus Lunic 5* und Clarino 4*<\/title>\n<meta name=\"description\" content=\"Vues, panoramas, environnement, photos d&#039;int\u00e9rieur, une vid\u00e9o d&#039;\u00e9t\u00e9 et une vid\u00e9o d&#039;hiver. Bienvenue !\" \/>\n<meta name=\"robots\" content=\"index, follow, max-snippet:-1, max-image-preview:large, max-video-preview:-1\" \/>\n<link rel=\"canonical\" href=\"https:\/\/www.azapartments.ch\/fr\/images-videos\/\" \/>\n<meta property=\"og:locale\" content=\"fr_FR\" \/>\n<meta property=\"og:type\" content=\"article\" \/>\n<meta property=\"og:title\" content=\"Images &amp; vid\u00e9os - AZapartments Gr\u00e4chen | Ferienwohnungen im Haus Lunic 5* und Clarino 4*\" \/>\n<meta property=\"og:description\" content=\"Vues, panoramas, environnement, photos d&#039;int\u00e9rieur, une vid\u00e9o d&#039;\u00e9t\u00e9 et une vid\u00e9o d&#039;hiver. Bienvenue !\" \/>\n<meta property=\"og:url\" content=\"https:\/\/www.azapartments.ch\/fr\/images-videos\/\" \/>\n<meta property=\"og:site_name\" content=\"AZapartments Gr\u00e4chen | Ferienwohnungen im Haus Lunic 5* und Clarino 4*\" \/>\n<meta property=\"article:modified_time\" content=\"2024-04-11T10:33:19+00:00\" \/>\n<meta property=\"og:image\" content=\"https:\/\/www.azapartments.ch\/wp-content\/uploads\/2022\/11\/50713177-scaled.jpg\" \/>\n<meta name=\"twitter:card\" content=\"summary_large_image\" \/>\n<meta name=\"twitter:label1\" content=\"Dur\u00e9e de lecture estim\u00e9e\" \/>\n\t<meta name=\"twitter:data1\" content=\"4 minutes\" \/>\n<script type=\"application\/ld+json\" class=\"yoast-schema-graph\">{\"@context\":\"https:\/\/schema.org\",\"@graph\":[{\"@type\":\"WebPage\",\"@id\":\"https:\/\/www.azapartments.ch\/fr\/images-videos\/\",\"url\":\"https:\/\/www.azapartments.ch\/fr\/images-videos\/\",\"name\":\"Images &amp; vid\u00e9os - AZapartments Gr\u00e4chen | Ferienwohnungen im Haus Lunic 5* und Clarino 4*\",\"isPartOf\":{\"@id\":\"https:\/\/www.azapartments.ch\/fr\/#website\"},\"primaryImageOfPage\":{\"@id\":\"https:\/\/www.azapartments.ch\/fr\/images-videos\/#primaryimage\"},\"image\":{\"@id\":\"https:\/\/www.azapartments.ch\/fr\/images-videos\/#primaryimage\"},\"thumbnailUrl\":\"https:\/\/www.azapartments.ch\/wp-content\/uploads\/2022\/11\/50713177-scaled.jpg\",\"datePublished\":\"2022-10-05T16:04:41+00:00\",\"dateModified\":\"2024-04-11T10:33:19+00:00\",\"description\":\"Vues, panoramas, environnement, photos d'int\u00e9rieur, une vid\u00e9o d'\u00e9t\u00e9 et une vid\u00e9o d'hiver. Bienvenue !\",\"breadcrumb\":{\"@id\":\"https:\/\/www.azapartments.ch\/fr\/images-videos\/#breadcrumb\"},\"inLanguage\":\"fr-FR\",\"potentialAction\":[{\"@type\":\"ReadAction\",\"target\":[\"https:\/\/www.azapartments.ch\/fr\/images-videos\/\"]}]},{\"@type\":\"ImageObject\",\"inLanguage\":\"fr-FR\",\"@id\":\"https:\/\/www.azapartments.ch\/fr\/images-videos\/#primaryimage\",\"url\":\"https:\/\/www.azapartments.ch\/wp-content\/uploads\/2022\/11\/50713177-scaled.jpg\",\"contentUrl\":\"https:\/\/www.azapartments.ch\/wp-content\/uploads\/2022\/11\/50713177-scaled.jpg\"},{\"@type\":\"BreadcrumbList\",\"@id\":\"https:\/\/www.azapartments.ch\/fr\/images-videos\/#breadcrumb\",\"itemListElement\":[{\"@type\":\"ListItem\",\"position\":1,\"name\":\"Startseite\",\"item\":\"https:\/\/www.azapartments.ch\/fr\/\"},{\"@type\":\"ListItem\",\"position\":2,\"name\":\"Images &amp; vid\u00e9os\"}]},{\"@type\":\"WebSite\",\"@id\":\"https:\/\/www.azapartments.ch\/fr\/#website\",\"url\":\"https:\/\/www.azapartments.ch\/fr\/\",\"name\":\"AZapartments Gr\u00e4chen | Ferienwohnungen im Haus Lunic 5* und Clarino 4*\",\"description\":\"\",\"potentialAction\":[{\"@type\":\"SearchAction\",\"target\":{\"@type\":\"EntryPoint\",\"urlTemplate\":\"https:\/\/www.azapartments.ch\/fr\/?s={search_term_string}\"},\"query-input\":{\"@type\":\"PropertyValueSpecification\",\"valueRequired\":true,\"valueName\":\"search_term_string\"}}],\"inLanguage\":\"fr-FR\"}]}<\/script>\n<!-- \/ Yoast SEO plugin. -->","yoast_head_json":{"title":"Images &amp; vid\u00e9os - AZapartments Gr\u00e4chen | Ferienwohnungen im Haus Lunic 5* und Clarino 4*","description":"Vues, panoramas, environnement, photos d'int\u00e9rieur, une vid\u00e9o d'\u00e9t\u00e9 et une vid\u00e9o d'hiver. Bienvenue !","robots":{"index":"index","follow":"follow","max-snippet":"max-snippet:-1","max-image-preview":"max-image-preview:large","max-video-preview":"max-video-preview:-1"},"canonical":"https:\/\/www.azapartments.ch\/fr\/images-videos\/","og_locale":"fr_FR","og_type":"article","og_title":"Images &amp; vid\u00e9os - AZapartments Gr\u00e4chen | Ferienwohnungen im Haus Lunic 5* und Clarino 4*","og_description":"Vues, panoramas, environnement, photos d'int\u00e9rieur, une vid\u00e9o d'\u00e9t\u00e9 et une vid\u00e9o d'hiver. Bienvenue !","og_url":"https:\/\/www.azapartments.ch\/fr\/images-videos\/","og_site_name":"AZapartments Gr\u00e4chen | Ferienwohnungen im Haus Lunic 5* und Clarino 4*","article_modified_time":"2024-04-11T10:33:19+00:00","og_image":[{"url":"https:\/\/www.azapartments.ch\/wp-content\/uploads\/2022\/11\/50713177-scaled.jpg","type":"","width":"","height":""}],"twitter_card":"summary_large_image","twitter_misc":{"Dur\u00e9e de lecture estim\u00e9e":"4 minutes"},"schema":{"@context":"https:\/\/schema.org","@graph":[{"@type":"WebPage","@id":"https:\/\/www.azapartments.ch\/fr\/images-videos\/","url":"https:\/\/www.azapartments.ch\/fr\/images-videos\/","name":"Images &amp; vid\u00e9os - AZapartments Gr\u00e4chen | Ferienwohnungen im Haus Lunic 5* und Clarino 4*","isPartOf":{"@id":"https:\/\/www.azapartments.ch\/fr\/#website"},"primaryImageOfPage":{"@id":"https:\/\/www.azapartments.ch\/fr\/images-videos\/#primaryimage"},"image":{"@id":"https:\/\/www.azapartments.ch\/fr\/images-videos\/#primaryimage"},"thumbnailUrl":"https:\/\/www.azapartments.ch\/wp-content\/uploads\/2022\/11\/50713177-scaled.jpg","datePublished":"2022-10-05T16:04:41+00:00","dateModified":"2024-04-11T10:33:19+00:00","description":"Vues, panoramas, environnement, photos d'int\u00e9rieur, une vid\u00e9o d'\u00e9t\u00e9 et une vid\u00e9o d'hiver. Bienvenue !","breadcrumb":{"@id":"https:\/\/www.azapartments.ch\/fr\/images-videos\/#breadcrumb"},"inLanguage":"fr-FR","potentialAction":[{"@type":"ReadAction","target":["https:\/\/www.azapartments.ch\/fr\/images-videos\/"]}]},{"@type":"ImageObject","inLanguage":"fr-FR","@id":"https:\/\/www.azapartments.ch\/fr\/images-videos\/#primaryimage","url":"https:\/\/www.azapartments.ch\/wp-content\/uploads\/2022\/11\/50713177-scaled.jpg","contentUrl":"https:\/\/www.azapartments.ch\/wp-content\/uploads\/2022\/11\/50713177-scaled.jpg"},{"@type":"BreadcrumbList","@id":"https:\/\/www.azapartments.ch\/fr\/images-videos\/#breadcrumb","itemListElement":[{"@type":"ListItem","position":1,"name":"Startseite","item":"https:\/\/www.azapartments.ch\/fr\/"},{"@type":"ListItem","position":2,"name":"Images &amp; vid\u00e9os"}]},{"@type":"WebSite","@id":"https:\/\/www.azapartments.ch\/fr\/#website","url":"https:\/\/www.azapartments.ch\/fr\/","name":"AZapartments Gr\u00e4chen | Ferienwohnungen im Haus Lunic 5* und Clarino 4*","description":"","potentialAction":[{"@type":"SearchAction","target":{"@type":"EntryPoint","urlTemplate":"https:\/\/www.azapartments.ch\/fr\/?s={search_term_string}"},"query-input":{"@type":"PropertyValueSpecification","valueRequired":true,"valueName":"search_term_string"}}],"inLanguage":"fr-FR"}]}},"uagb_featured_image_src":{"full":false,"thumbnail":false,"medium":false,"medium_large":false,"large":false,"1536x1536":false,"2048x2048":false},"uagb_author_info":{"display_name":"admin","author_link":"https:\/\/www.azapartments.ch\/fr\/author\/ekxnbvqgru\/"},"uagb_comment_info":0,"uagb_excerpt":"Images et vid\u00e9os Venez nous rendre visite d\u00e8s maintenant. Avec la visite virtuelle devant et \u00e0 travers la maison Lunic.","_links":{"self":[{"href":"https:\/\/www.azapartments.ch\/fr\/wp-json\/wp\/v2\/pages\/1004","targetHints":{"allow":["GET"]}}],"collection":[{"href":"https:\/\/www.azapartments.ch\/fr\/wp-json\/wp\/v2\/pages"}],"about":[{"href":"https:\/\/www.azapartments.ch\/fr\/wp-json\/wp\/v2\/types\/page"}],"author":[{"embeddable":true,"href":"https:\/\/www.azapartments.ch\/fr\/wp-json\/wp\/v2\/users\/1"}],"replies":[{"embeddable":true,"href":"https:\/\/www.azapartments.ch\/fr\/wp-json\/wp\/v2\/comments?post=1004"}],"version-history":[{"count":3,"href":"https:\/\/www.azapartments.ch\/fr\/wp-json\/wp\/v2\/pages\/1004\/revisions"}],"predecessor-version":[{"id":1485,"href":"https:\/\/www.azapartments.ch\/fr\/wp-json\/wp\/v2\/pages\/1004\/revisions\/1485"}],"wp:attachment":[{"href":"https:\/\/www.azapartments.ch\/fr\/wp-json\/wp\/v2\/media?parent=1004"}],"curies":[{"name":"wp","href":"https:\/\/api.w.org\/{rel}","templated":true}]}}