{"id":1005,"date":"2022-09-26T06:44:18","date_gmt":"2022-09-26T06:44:18","guid":{"rendered":"https:\/\/www.azapartments.ch\/appartements-4-et-5-etoiles-suites-avec-bed-breakfast-a-graechen-pour-1-40-personnes\/"},"modified":"2024-01-08T14:54:22","modified_gmt":"2024-01-08T14:54:22","slug":"appartements-4-et-5-etoiles-suites-avec-bed-breakfast-a-graechen-pour-1-40-personnes","status":"publish","type":"page","link":"https:\/\/www.azapartments.ch\/fr\/","title":{"rendered":"Appartements 4 et 5 \u00e9toiles \/ suites avec Bed &amp; Breakfast \u00e0 Gr\u00e4chen pour 1 - 40 personnes"},"content":{"rendered":"","protected":false},"excerpt":{"rendered":"","protected":false},"author":1,"featured_media":0,"parent":0,"menu_order":0,"comment_status":"closed","ping_status":"closed","template":"","meta":{"inline_featured_image":false,"_uag_custom_page_level_css":"","footnotes":""},"class_list":["post-1005","page","type-page","status-publish","hentry"],"yoast_head":"<!-- This site is optimized with the Yoast SEO plugin v27.2 - https:\/\/yoast.com\/product\/yoast-seo-wordpress\/ -->\n<title>AZapartments Gr\u00e4chen | Ferienwohnungen im Haus Lunic 5* und Clarino 4*<\/title>\n<meta name=\"description\" content=\"Des appartements et des suites de luxe \u00e0 des prix abordables, avec beaucoup d&#039;espace et de confort. Offre de petit-d\u00e9jeuner, univers de jeux pour enfants, Wellness@home\" \/>\n<meta name=\"robots\" content=\"index, follow, max-snippet:-1, max-image-preview:large, max-video-preview:-1\" \/>\n<link rel=\"canonical\" href=\"https:\/\/www.azapartments.ch\/fr\/\" \/>\n<meta property=\"og:locale\" content=\"fr_FR\" \/>\n<meta property=\"og:type\" content=\"article\" \/>\n<meta property=\"og:description\" content=\"Des appartements et des suites de luxe \u00e0 des prix abordables, avec beaucoup d&#039;espace et de confort. Offre de petit-d\u00e9jeuner, univers de jeux pour enfants, Wellness@home\" \/>\n<meta property=\"og:url\" content=\"https:\/\/www.azapartments.ch\/fr\/\" \/>\n<meta property=\"og:site_name\" content=\"AZapartments Gr\u00e4chen | Ferienwohnungen im Haus Lunic 5* und Clarino 4*\" \/>\n<meta property=\"article:modified_time\" content=\"2024-01-08T14:54:22+00:00\" \/>\n<meta name=\"twitter:card\" content=\"summary_large_image\" \/>\n<script type=\"application\/ld+json\" class=\"yoast-schema-graph\">{\"@context\":\"https:\/\/schema.org\",\"@graph\":[{\"@type\":\"WebPage\",\"@id\":\"https:\/\/www.azapartments.ch\/fr\/\",\"url\":\"https:\/\/www.azapartments.ch\/fr\/\",\"name\":\"\",\"isPartOf\":{\"@id\":\"https:\/\/www.azapartments.ch\/fr\/#website\"},\"datePublished\":\"2022-09-26T06:44:18+00:00\",\"dateModified\":\"2024-01-08T14:54:22+00:00\",\"description\":\"Des appartements et des suites de luxe \u00e0 des prix abordables, avec beaucoup d'espace et de confort. Offre de petit-d\u00e9jeuner, univers de jeux pour enfants, Wellness@home\",\"breadcrumb\":{\"@id\":\"https:\/\/www.azapartments.ch\/fr\/#breadcrumb\"},\"inLanguage\":\"fr-FR\",\"potentialAction\":[{\"@type\":\"ReadAction\",\"target\":[\"https:\/\/www.azapartments.ch\/fr\/\"]}]},{\"@type\":\"BreadcrumbList\",\"@id\":\"https:\/\/www.azapartments.ch\/fr\/#breadcrumb\",\"itemListElement\":[{\"@type\":\"ListItem\",\"position\":1,\"name\":\"Startseite\",\"item\":\"https:\/\/www.azapartments.ch\/fr\/\"},{\"@type\":\"ListItem\",\"position\":2,\"name\":\"Appartements 4 et 5 \u00e9toiles \/ suites avec Bed &amp; Breakfast \u00e0 Gr\u00e4chen pour 1 - 40 personnes\"}]},{\"@type\":\"WebSite\",\"@id\":\"https:\/\/www.azapartments.ch\/fr\/#website\",\"url\":\"https:\/\/www.azapartments.ch\/fr\/\",\"name\":\"AZapartments Gr\u00e4chen | Ferienwohnungen im Haus Lunic 5* und Clarino 4*\",\"description\":\"\",\"potentialAction\":[{\"@type\":\"SearchAction\",\"target\":{\"@type\":\"EntryPoint\",\"urlTemplate\":\"https:\/\/www.azapartments.ch\/fr\/?s={search_term_string}\"},\"query-input\":{\"@type\":\"PropertyValueSpecification\",\"valueRequired\":true,\"valueName\":\"search_term_string\"}}],\"inLanguage\":\"fr-FR\"}]}<\/script>\n<!-- \/ Yoast SEO plugin. -->","yoast_head_json":{"title":"AZapartments Gr\u00e4chen | Ferienwohnungen im Haus Lunic 5* und Clarino 4*","description":"Des appartements et des suites de luxe \u00e0 des prix abordables, avec beaucoup d'espace et de confort. Offre de petit-d\u00e9jeuner, univers de jeux pour enfants, Wellness@home","robots":{"index":"index","follow":"follow","max-snippet":"max-snippet:-1","max-image-preview":"max-image-preview:large","max-video-preview":"max-video-preview:-1"},"canonical":"https:\/\/www.azapartments.ch\/fr\/","og_locale":"fr_FR","og_type":"article","og_description":"Des appartements et des suites de luxe \u00e0 des prix abordables, avec beaucoup d'espace et de confort. Offre de petit-d\u00e9jeuner, univers de jeux pour enfants, Wellness@home","og_url":"https:\/\/www.azapartments.ch\/fr\/","og_site_name":"AZapartments Gr\u00e4chen | Ferienwohnungen im Haus Lunic 5* und Clarino 4*","article_modified_time":"2024-01-08T14:54:22+00:00","twitter_card":"summary_large_image","schema":{"@context":"https:\/\/schema.org","@graph":[{"@type":"WebPage","@id":"https:\/\/www.azapartments.ch\/fr\/","url":"https:\/\/www.azapartments.ch\/fr\/","name":"","isPartOf":{"@id":"https:\/\/www.azapartments.ch\/fr\/#website"},"datePublished":"2022-09-26T06:44:18+00:00","dateModified":"2024-01-08T14:54:22+00:00","description":"Des appartements et des suites de luxe \u00e0 des prix abordables, avec beaucoup d'espace et de confort. Offre de petit-d\u00e9jeuner, univers de jeux pour enfants, Wellness@home","breadcrumb":{"@id":"https:\/\/www.azapartments.ch\/fr\/#breadcrumb"},"inLanguage":"fr-FR","potentialAction":[{"@type":"ReadAction","target":["https:\/\/www.azapartments.ch\/fr\/"]}]},{"@type":"BreadcrumbList","@id":"https:\/\/www.azapartments.ch\/fr\/#breadcrumb","itemListElement":[{"@type":"ListItem","position":1,"name":"Startseite","item":"https:\/\/www.azapartments.ch\/fr\/"},{"@type":"ListItem","position":2,"name":"Appartements 4 et 5 \u00e9toiles \/ suites avec Bed &amp; Breakfast \u00e0 Gr\u00e4chen pour 1 - 40 personnes"}]},{"@type":"WebSite","@id":"https:\/\/www.azapartments.ch\/fr\/#website","url":"https:\/\/www.azapartments.ch\/fr\/","name":"AZapartments Gr\u00e4chen | Ferienwohnungen im Haus Lunic 5* und Clarino 4*","description":"","potentialAction":[{"@type":"SearchAction","target":{"@type":"EntryPoint","urlTemplate":"https:\/\/www.azapartments.ch\/fr\/?s={search_term_string}"},"query-input":{"@type":"PropertyValueSpecification","valueRequired":true,"valueName":"search_term_string"}}],"inLanguage":"fr-FR"}]}},"uagb_featured_image_src":{"full":false,"thumbnail":false,"medium":false,"medium_large":false,"large":false,"1536x1536":false,"2048x2048":false},"uagb_author_info":{"display_name":"admin","author_link":"https:\/\/www.azapartments.ch\/fr\/author\/ekxnbvqgru\/"},"uagb_comment_info":0,"uagb_excerpt":null,"_links":{"self":[{"href":"https:\/\/www.azapartments.ch\/fr\/wp-json\/wp\/v2\/pages\/1005","targetHints":{"allow":["GET"]}}],"collection":[{"href":"https:\/\/www.azapartments.ch\/fr\/wp-json\/wp\/v2\/pages"}],"about":[{"href":"https:\/\/www.azapartments.ch\/fr\/wp-json\/wp\/v2\/types\/page"}],"author":[{"embeddable":true,"href":"https:\/\/www.azapartments.ch\/fr\/wp-json\/wp\/v2\/users\/1"}],"replies":[{"embeddable":true,"href":"https:\/\/www.azapartments.ch\/fr\/wp-json\/wp\/v2\/comments?post=1005"}],"version-history":[{"count":1,"href":"https:\/\/www.azapartments.ch\/fr\/wp-json\/wp\/v2\/pages\/1005\/revisions"}],"predecessor-version":[{"id":1011,"href":"https:\/\/www.azapartments.ch\/fr\/wp-json\/wp\/v2\/pages\/1005\/revisions\/1011"}],"wp:attachment":[{"href":"https:\/\/www.azapartments.ch\/fr\/wp-json\/wp\/v2\/media?parent=1005"}],"curies":[{"name":"wp","href":"https:\/\/api.w.org\/{rel}","templated":true}]}}