{"id":1012,"date":"2023-04-25T14:43:13","date_gmt":"2023-04-25T14:43:13","guid":{"rendered":"https:\/\/www.azapartments.ch\/mentions-legales\/"},"modified":"2023-04-28T07:44:02","modified_gmt":"2023-04-28T07:44:02","slug":"mentions-legales","status":"publish","type":"page","link":"https:\/\/www.azapartments.ch\/fr\/mentions-legales\/","title":{"rendered":"Mentions l\u00e9gales"},"content":{"rendered":"\n<div class=\"wp-block-uagb-container uagb-block-3e0d7704 alignfull uagb-is-root-container\"><div class=\"uagb-container-inner-blocks-wrap\">\n<div style=\"height:100px\" aria-hidden=\"true\" class=\"wp-block-spacer\"><\/div>\n\n\n<h1 class=\"wp-block-post-title\">Mentions l\u00e9gales<\/h1>\n\n\n<p><strong>Instance responsable :<\/strong><br>Clarino GmbH<br>Schmidji 776<br>3925 Gr\u00e4chen<br>Suisse<br><strong>E-mail<\/strong>: <a href=\"mailto:info@azapartments.ch\">info [at] azapartments.ch<\/a><\/p>\n\n\n\n<p><strong>Personnes autoris\u00e9es \u00e0 repr\u00e9senter l'association<\/strong><br>Damian Amstutz<\/p>\n\n\n\n<p><strong>Nom de l'entreprise<\/strong>: Clarino GmbH<br><strong>Registrationsnummer<\/strong>: CH-600.4.015.675-5<br><strong>Num\u00e9ro d'identification de la taxe sur le chiffre d'affaires<\/strong>: CHE-371.018.699<\/p>\n\n\n\n<p><strong>Clause de non-responsabilit\u00e9<\/strong><br>L'auteur ne garantit pas l'exactitude, la pr\u00e9cision, l'actualit\u00e9, la fiabilit\u00e9 et l'exhaustivit\u00e9 des informations.<br>L'auteur ne saurait \u00eatre tenu pour responsable des dommages mat\u00e9riels ou immat\u00e9riels qui pourraient \u00eatre caus\u00e9s par l'acc\u00e8s aux informations diffus\u00e9es ou par leur utilisation ou non-utilisation, par le mauvais usage de la connexion ou par des probl\u00e8mes techniques.<\/p>\n\n\n\n<p>Toutes les offres sont sans engagement. L'auteur se r\u00e9serve express\u00e9ment le droit de modifier, de compl\u00e9ter ou de supprimer des parties de pages ou l'ensemble de l'offre sans avis pr\u00e9alable, ou d'en suspendre temporairement ou d\u00e9finitivement la publication.<\/p>\n\n\n\n<p><strong>Exclusion de responsabilit\u00e9 pour les contenus et les liens<\/strong><br>Les renvois et liens vers des sites web de tiers ne rel\u00e8vent pas de notre responsabilit\u00e9. Nous d\u00e9clinons toute responsabilit\u00e9 pour de tels sites. L'acc\u00e8s \u00e0 de tels sites et leur utilisation se font aux risques et p\u00e9rils de l'utilisateur concern\u00e9.<\/p>\n\n\n\n<p><strong>D\u00e9claration de droits d'auteur<\/strong><br>Les droits d'auteur et tous les autres droits li\u00e9s aux contenus, images, photos ou autres fichiers de ce site web appartiennent exclusivement \u00e0 Clarino GmbH ou aux titulaires de droits sp\u00e9cialement cit\u00e9s. Pour la reproduction de tout \u00e9l\u00e9ment, l'accord \u00e9crit du d\u00e9tenteur des droits d'auteur doit \u00eatre obtenu au pr\u00e9alable.<\/p>\n\n\n\n<p><strong>Source<\/strong>: <a href=\"https:\/\/brainbox.swiss\/\">BrainBox Solutions<\/a><\/p>\n<\/div><\/div>\n","protected":false},"excerpt":{"rendered":"<p>Instance responsable :Clarino GmbHSchmidji 7763925 Gr\u00e4chenSuisseE-mail: info [at] azapartments.ch Personnes autoris\u00e9es \u00e0 repr\u00e9senter l'associationDamian Amstutz Nom de l'entreprise: Clarino GmbHRegistrationsnummer: CH-600.4.015.675-5Num\u00e9ro d'identification de la taxe sur le chiffre d'affaires: CHE-371.018.699 Clause de non-responsabilit\u00e9L'auteur ne garantit pas l'exactitude, la pr\u00e9cision, l'actualit\u00e9, la fiabilit\u00e9 et l'exhaustivit\u00e9 des informations.L'auteur ne saurait \u00eatre tenu pour responsable des dommages mat\u00e9riels [&hellip;]<\/p>\n","protected":false},"author":1,"featured_media":0,"parent":0,"menu_order":0,"comment_status":"closed","ping_status":"closed","template":"","meta":{"inline_featured_image":false,"_uag_custom_page_level_css":"","footnotes":""},"class_list":["post-1012","page","type-page","status-publish","hentry"],"yoast_head":"<!-- This site is optimized with the Yoast SEO plugin v27.2 - https:\/\/yoast.com\/product\/yoast-seo-wordpress\/ -->\n<title>Mentions l\u00e9gales - AZapartments Gr\u00e4chen | Ferienwohnungen im Haus Lunic 5* und Clarino 4*<\/title>\n<meta name=\"description\" content=\"Mentions l\u00e9gales de AZ Apartments, Clarino GmbH, Schmidji 776, 3925 Gr\u00e4chen. Clause de non-responsabilit\u00e9, d\u00e9claration de droits d&#039;auteur\" \/>\n<meta name=\"robots\" content=\"index, follow, max-snippet:-1, max-image-preview:large, max-video-preview:-1\" \/>\n<link rel=\"canonical\" href=\"https:\/\/www.azapartments.ch\/fr\/mentions-legales\/\" \/>\n<meta property=\"og:locale\" content=\"fr_FR\" \/>\n<meta property=\"og:type\" content=\"article\" \/>\n<meta property=\"og:title\" content=\"Mentions l\u00e9gales - AZapartments Gr\u00e4chen | Ferienwohnungen im Haus Lunic 5* und Clarino 4*\" \/>\n<meta property=\"og:description\" content=\"Mentions l\u00e9gales de AZ Apartments, Clarino GmbH, Schmidji 776, 3925 Gr\u00e4chen. Clause de non-responsabilit\u00e9, d\u00e9claration de droits d&#039;auteur\" \/>\n<meta property=\"og:url\" content=\"https:\/\/www.azapartments.ch\/fr\/mentions-legales\/\" \/>\n<meta property=\"og:site_name\" content=\"AZapartments Gr\u00e4chen | Ferienwohnungen im Haus Lunic 5* und Clarino 4*\" \/>\n<meta property=\"article:modified_time\" content=\"2023-04-28T07:44:02+00:00\" \/>\n<meta name=\"twitter:card\" content=\"summary_large_image\" \/>\n<meta name=\"twitter:label1\" content=\"Dur\u00e9e de lecture estim\u00e9e\" \/>\n\t<meta name=\"twitter:data1\" content=\"2 minutes\" \/>\n<script type=\"application\/ld+json\" class=\"yoast-schema-graph\">{\"@context\":\"https:\/\/schema.org\",\"@graph\":[{\"@type\":\"WebPage\",\"@id\":\"https:\/\/www.azapartments.ch\/fr\/mentions-legales\/\",\"url\":\"https:\/\/www.azapartments.ch\/fr\/mentions-legales\/\",\"name\":\"Mentions l\u00e9gales - AZapartments Gr\u00e4chen | Ferienwohnungen im Haus Lunic 5* und Clarino 4*\",\"isPartOf\":{\"@id\":\"https:\/\/www.azapartments.ch\/fr\/#website\"},\"datePublished\":\"2023-04-25T14:43:13+00:00\",\"dateModified\":\"2023-04-28T07:44:02+00:00\",\"description\":\"Mentions l\u00e9gales de AZ Apartments, Clarino GmbH, Schmidji 776, 3925 Gr\u00e4chen. Clause de non-responsabilit\u00e9, d\u00e9claration de droits d'auteur\",\"breadcrumb\":{\"@id\":\"https:\/\/www.azapartments.ch\/fr\/mentions-legales\/#breadcrumb\"},\"inLanguage\":\"fr-FR\",\"potentialAction\":[{\"@type\":\"ReadAction\",\"target\":[\"https:\/\/www.azapartments.ch\/fr\/mentions-legales\/\"]}]},{\"@type\":\"BreadcrumbList\",\"@id\":\"https:\/\/www.azapartments.ch\/fr\/mentions-legales\/#breadcrumb\",\"itemListElement\":[{\"@type\":\"ListItem\",\"position\":1,\"name\":\"Startseite\",\"item\":\"https:\/\/www.azapartments.ch\/fr\/\"},{\"@type\":\"ListItem\",\"position\":2,\"name\":\"Mentions l\u00e9gales\"}]},{\"@type\":\"WebSite\",\"@id\":\"https:\/\/www.azapartments.ch\/fr\/#website\",\"url\":\"https:\/\/www.azapartments.ch\/fr\/\",\"name\":\"AZapartments Gr\u00e4chen | Ferienwohnungen im Haus Lunic 5* und Clarino 4*\",\"description\":\"\",\"potentialAction\":[{\"@type\":\"SearchAction\",\"target\":{\"@type\":\"EntryPoint\",\"urlTemplate\":\"https:\/\/www.azapartments.ch\/fr\/?s={search_term_string}\"},\"query-input\":{\"@type\":\"PropertyValueSpecification\",\"valueRequired\":true,\"valueName\":\"search_term_string\"}}],\"inLanguage\":\"fr-FR\"}]}<\/script>\n<!-- \/ Yoast SEO plugin. -->","yoast_head_json":{"title":"Mentions l\u00e9gales - AZapartments Gr\u00e4chen | Ferienwohnungen im Haus Lunic 5* und Clarino 4*","description":"Mentions l\u00e9gales de AZ Apartments, Clarino GmbH, Schmidji 776, 3925 Gr\u00e4chen. Clause de non-responsabilit\u00e9, d\u00e9claration de droits d'auteur","robots":{"index":"index","follow":"follow","max-snippet":"max-snippet:-1","max-image-preview":"max-image-preview:large","max-video-preview":"max-video-preview:-1"},"canonical":"https:\/\/www.azapartments.ch\/fr\/mentions-legales\/","og_locale":"fr_FR","og_type":"article","og_title":"Mentions l\u00e9gales - AZapartments Gr\u00e4chen | Ferienwohnungen im Haus Lunic 5* und Clarino 4*","og_description":"Mentions l\u00e9gales de AZ Apartments, Clarino GmbH, Schmidji 776, 3925 Gr\u00e4chen. Clause de non-responsabilit\u00e9, d\u00e9claration de droits d'auteur","og_url":"https:\/\/www.azapartments.ch\/fr\/mentions-legales\/","og_site_name":"AZapartments Gr\u00e4chen | Ferienwohnungen im Haus Lunic 5* und Clarino 4*","article_modified_time":"2023-04-28T07:44:02+00:00","twitter_card":"summary_large_image","twitter_misc":{"Dur\u00e9e de lecture estim\u00e9e":"2 minutes"},"schema":{"@context":"https:\/\/schema.org","@graph":[{"@type":"WebPage","@id":"https:\/\/www.azapartments.ch\/fr\/mentions-legales\/","url":"https:\/\/www.azapartments.ch\/fr\/mentions-legales\/","name":"Mentions l\u00e9gales - AZapartments Gr\u00e4chen | Ferienwohnungen im Haus Lunic 5* und Clarino 4*","isPartOf":{"@id":"https:\/\/www.azapartments.ch\/fr\/#website"},"datePublished":"2023-04-25T14:43:13+00:00","dateModified":"2023-04-28T07:44:02+00:00","description":"Mentions l\u00e9gales de AZ Apartments, Clarino GmbH, Schmidji 776, 3925 Gr\u00e4chen. Clause de non-responsabilit\u00e9, d\u00e9claration de droits d'auteur","breadcrumb":{"@id":"https:\/\/www.azapartments.ch\/fr\/mentions-legales\/#breadcrumb"},"inLanguage":"fr-FR","potentialAction":[{"@type":"ReadAction","target":["https:\/\/www.azapartments.ch\/fr\/mentions-legales\/"]}]},{"@type":"BreadcrumbList","@id":"https:\/\/www.azapartments.ch\/fr\/mentions-legales\/#breadcrumb","itemListElement":[{"@type":"ListItem","position":1,"name":"Startseite","item":"https:\/\/www.azapartments.ch\/fr\/"},{"@type":"ListItem","position":2,"name":"Mentions l\u00e9gales"}]},{"@type":"WebSite","@id":"https:\/\/www.azapartments.ch\/fr\/#website","url":"https:\/\/www.azapartments.ch\/fr\/","name":"AZapartments Gr\u00e4chen | Ferienwohnungen im Haus Lunic 5* und Clarino 4*","description":"","potentialAction":[{"@type":"SearchAction","target":{"@type":"EntryPoint","urlTemplate":"https:\/\/www.azapartments.ch\/fr\/?s={search_term_string}"},"query-input":{"@type":"PropertyValueSpecification","valueRequired":true,"valueName":"search_term_string"}}],"inLanguage":"fr-FR"}]}},"uagb_featured_image_src":{"full":false,"thumbnail":false,"medium":false,"medium_large":false,"large":false,"1536x1536":false,"2048x2048":false},"uagb_author_info":{"display_name":"admin","author_link":"https:\/\/www.azapartments.ch\/fr\/author\/ekxnbvqgru\/"},"uagb_comment_info":0,"uagb_excerpt":"Instance responsable :Clarino GmbHSchmidji 7763925 Gr\u00e4chenSuisseE-mail: info [at] azapartments.ch Personnes autoris\u00e9es \u00e0 repr\u00e9senter l'associationDamian Amstutz Nom de l'entreprise: Clarino GmbHRegistrationsnummer: CH-600.4.015.675-5Num\u00e9ro d'identification de la taxe sur le chiffre d'affaires: CHE-371.018.699 Clause de non-responsabilit\u00e9L'auteur ne garantit pas l'exactitude, la pr\u00e9cision, l'actualit\u00e9, la fiabilit\u00e9 et l'exhaustivit\u00e9 des informations.L'auteur ne saurait \u00eatre tenu pour responsable des dommages mat\u00e9riels\u2026","_links":{"self":[{"href":"https:\/\/www.azapartments.ch\/fr\/wp-json\/wp\/v2\/pages\/1012","targetHints":{"allow":["GET"]}}],"collection":[{"href":"https:\/\/www.azapartments.ch\/fr\/wp-json\/wp\/v2\/pages"}],"about":[{"href":"https:\/\/www.azapartments.ch\/fr\/wp-json\/wp\/v2\/types\/page"}],"author":[{"embeddable":true,"href":"https:\/\/www.azapartments.ch\/fr\/wp-json\/wp\/v2\/users\/1"}],"replies":[{"embeddable":true,"href":"https:\/\/www.azapartments.ch\/fr\/wp-json\/wp\/v2\/comments?post=1012"}],"version-history":[{"count":2,"href":"https:\/\/www.azapartments.ch\/fr\/wp-json\/wp\/v2\/pages\/1012\/revisions"}],"predecessor-version":[{"id":1117,"href":"https:\/\/www.azapartments.ch\/fr\/wp-json\/wp\/v2\/pages\/1012\/revisions\/1117"}],"wp:attachment":[{"href":"https:\/\/www.azapartments.ch\/fr\/wp-json\/wp\/v2\/media?parent=1012"}],"curies":[{"name":"wp","href":"https:\/\/api.w.org\/{rel}","templated":true}]}}