{"id":991,"date":"2022-10-05T16:04:41","date_gmt":"2022-10-05T16:04:41","guid":{"rendered":"https:\/\/www.azapartments.ch\/verifier-la-disponibilite-appartements\/"},"modified":"2023-04-28T07:44:43","modified_gmt":"2023-04-28T07:44:43","slug":"verifier-la-disponibilite-appartements","status":"publish","type":"page","link":"https:\/\/www.azapartments.ch\/fr\/verifier-la-disponibilite-appartements\/","title":{"rendered":"V\u00e9rifier la disponibilit\u00e9 - Appartements"},"content":{"rendered":"\n<div class=\"wp-block-uagb-container bookbox uagb-block-046bdbab alignfull uagb-is-root-container\"><div class=\"uagb-container-inner-blocks-wrap\">\n<h1 class=\"wp-block-heading\">V\u00e9rifier la disponibilit\u00e9<\/h1>\n\n\n\n<div style=\"height:30px\" aria-hidden=\"true\" class=\"wp-block-spacer\"><\/div>\n\n\n\n<h4 class=\"wp-block-heading\"><strong>Vous pouvez \u00e9galement consulter les appartements de vacances ci-dessous sans saisir de date.<\/strong><\/h4>\n\n\n\n<div style=\"height:30px\" aria-hidden=\"true\" class=\"wp-block-spacer\"><\/div>\n\n\n\n<div id=\"ebFrontEndFrame\"><\/div>\n<script src=\"\/\/www.easy-booking.at\/bookingengine2\/js\/jquery.easybooking.frontend.js\"><\/script><script>\n  function ebFrontendLoadedCheck() {\n    if (typeof jQuery != \"undefined\") {\n      if (jQuery.fn.ebFrontEnd) {\n        jQuery(\"#ebFrontEndFrame\").ebFrontEnd({\n          customerId: 7121,\n          serialNo: \"6931-6505-1733\",\n          localeId: 5,\n          frameId: \"ebFrontEndPlugin\",\n          scrollOffset: 0,\n          adultOnly: false,\n          gtmDL: \"dataLayer\",\n          hideFilters: \"on\",\n          disableScroll: true,\n          source: \"\",\n          collapsedExtras: false\n        });\n      } else {\n        setTimeout(ebFrontendLoadedCheck, 200);\n      }\n    } else {\n      setTimeout(ebFrontendLoadedCheck, 200);\n    }\n  }\n  ebFrontendLoadedCheck();\n<\/script>\n\n\n\n<div style=\"height:50px\" aria-hidden=\"true\" class=\"wp-block-spacer\"><\/div>\n\n\n\n<h2 class=\"wp-block-heading\">Tous les appartements<\/h2>\n\n\n\n<div style=\"height:50px\" aria-hidden=\"true\" class=\"wp-block-spacer\"><\/div>\n\n\n\n<div id=\"ebCategories\"><\/div>\n<script type=\"text\/javascript\" src=\"\/\/www.easy-booking.at\/ebPlugins\/categories\/jquery.easybooking.categories.v2.js\"><\/script><script type=\"text\/javascript\">\nfunction ebCategoriesLoadedCheck() {\n    if(typeof jQuery != \"undefined\") {\n        if(jQuery.fn.ebCategories) {\n            jQuery(\"#ebCategories\").ebCategories({\n                customerId: 7121,\n                serialNo: \"6931-6505-1733\",\n                localeId: 5,\n                loadCSS : true,\n                maxImgWidth : 960,\n                maxImgHeight : 960,\n                bookingPage : \"popup\",\n                enquiryPage : \"popup\",\n                showAvailability : true,\n                showPrices : true,\n                showDetails : true,\n                category : \"all\",\n                roomLevel: false,\n                room: \"all\",\n                categoryDescription: true,\n                roomSorting: \"random\",\n                bookingEngine: 2\n            });\n        } else {\n            setTimeout(ebCategoriesLoadedCheck,200);\n        }\n    } else{\n        setTimeout(ebCategoriesLoadedCheck,200);\n    }\n}\nebCategoriesLoadedCheck();\n<\/script>\n<\/div><\/div>\n","protected":false},"excerpt":{"rendered":"<p>V\u00e9rifier la disponibilit\u00e9 Vous pouvez \u00e9galement consulter les appartements de vacances ci-dessous sans saisir de date. Tous les appartements<\/p>\n","protected":false},"author":1,"featured_media":0,"parent":0,"menu_order":0,"comment_status":"closed","ping_status":"closed","template":"","meta":{"inline_featured_image":false,"_uag_custom_page_level_css":"","footnotes":""},"class_list":["post-991","page","type-page","status-publish","hentry"],"yoast_head":"<!-- This site is optimized with the Yoast SEO plugin v27.2 - https:\/\/yoast.com\/product\/yoast-seo-wordpress\/ -->\n<title>V\u00e9rifier la disponibilit\u00e9 - Appartements - AZapartments Gr\u00e4chen | Ferienwohnungen im Haus Lunic 5* und Clarino 4*<\/title>\n<meta name=\"robots\" content=\"index, follow, max-snippet:-1, max-image-preview:large, max-video-preview:-1\" \/>\n<link rel=\"canonical\" href=\"https:\/\/www.azapartments.ch\/fr\/verifier-la-disponibilite-appartements\/\" \/>\n<meta property=\"og:locale\" content=\"fr_FR\" \/>\n<meta property=\"og:type\" content=\"article\" \/>\n<meta property=\"og:title\" content=\"V\u00e9rifier la disponibilit\u00e9 - Appartements - AZapartments Gr\u00e4chen | Ferienwohnungen im Haus Lunic 5* und Clarino 4*\" \/>\n<meta property=\"og:description\" content=\"V\u00e9rifier la disponibilit\u00e9 Vous pouvez \u00e9galement consulter les appartements de vacances ci-dessous sans saisir de date. Tous les appartements\" \/>\n<meta property=\"og:url\" content=\"https:\/\/www.azapartments.ch\/fr\/verifier-la-disponibilite-appartements\/\" \/>\n<meta property=\"og:site_name\" content=\"AZapartments Gr\u00e4chen | Ferienwohnungen im Haus Lunic 5* und Clarino 4*\" \/>\n<meta property=\"article:modified_time\" content=\"2023-04-28T07:44:43+00:00\" \/>\n<meta name=\"twitter:card\" content=\"summary_large_image\" \/>\n<meta name=\"twitter:label1\" content=\"Dur\u00e9e de lecture estim\u00e9e\" \/>\n\t<meta name=\"twitter:data1\" content=\"1 minute\" \/>\n<script type=\"application\/ld+json\" class=\"yoast-schema-graph\">{\"@context\":\"https:\/\/schema.org\",\"@graph\":[{\"@type\":\"WebPage\",\"@id\":\"https:\/\/www.azapartments.ch\/fr\/verifier-la-disponibilite-appartements\/\",\"url\":\"https:\/\/www.azapartments.ch\/fr\/verifier-la-disponibilite-appartements\/\",\"name\":\"V\u00e9rifier la disponibilit\u00e9 - Appartements - AZapartments Gr\u00e4chen | Ferienwohnungen im Haus Lunic 5* und Clarino 4*\",\"isPartOf\":{\"@id\":\"https:\/\/www.azapartments.ch\/fr\/#website\"},\"datePublished\":\"2022-10-05T16:04:41+00:00\",\"dateModified\":\"2023-04-28T07:44:43+00:00\",\"breadcrumb\":{\"@id\":\"https:\/\/www.azapartments.ch\/fr\/verifier-la-disponibilite-appartements\/#breadcrumb\"},\"inLanguage\":\"fr-FR\",\"potentialAction\":[{\"@type\":\"ReadAction\",\"target\":[\"https:\/\/www.azapartments.ch\/fr\/verifier-la-disponibilite-appartements\/\"]}]},{\"@type\":\"BreadcrumbList\",\"@id\":\"https:\/\/www.azapartments.ch\/fr\/verifier-la-disponibilite-appartements\/#breadcrumb\",\"itemListElement\":[{\"@type\":\"ListItem\",\"position\":1,\"name\":\"Startseite\",\"item\":\"https:\/\/www.azapartments.ch\/fr\/\"},{\"@type\":\"ListItem\",\"position\":2,\"name\":\"V\u00e9rifier la disponibilit\u00e9 - Appartements\"}]},{\"@type\":\"WebSite\",\"@id\":\"https:\/\/www.azapartments.ch\/fr\/#website\",\"url\":\"https:\/\/www.azapartments.ch\/fr\/\",\"name\":\"AZapartments Gr\u00e4chen | Ferienwohnungen im Haus Lunic 5* und Clarino 4*\",\"description\":\"\",\"potentialAction\":[{\"@type\":\"SearchAction\",\"target\":{\"@type\":\"EntryPoint\",\"urlTemplate\":\"https:\/\/www.azapartments.ch\/fr\/?s={search_term_string}\"},\"query-input\":{\"@type\":\"PropertyValueSpecification\",\"valueRequired\":true,\"valueName\":\"search_term_string\"}}],\"inLanguage\":\"fr-FR\"}]}<\/script>\n<!-- \/ Yoast SEO plugin. -->","yoast_head_json":{"title":"V\u00e9rifier la disponibilit\u00e9 - Appartements - AZapartments Gr\u00e4chen | Ferienwohnungen im Haus Lunic 5* und Clarino 4*","robots":{"index":"index","follow":"follow","max-snippet":"max-snippet:-1","max-image-preview":"max-image-preview:large","max-video-preview":"max-video-preview:-1"},"canonical":"https:\/\/www.azapartments.ch\/fr\/verifier-la-disponibilite-appartements\/","og_locale":"fr_FR","og_type":"article","og_title":"V\u00e9rifier la disponibilit\u00e9 - Appartements - AZapartments Gr\u00e4chen | Ferienwohnungen im Haus Lunic 5* und Clarino 4*","og_description":"V\u00e9rifier la disponibilit\u00e9 Vous pouvez \u00e9galement consulter les appartements de vacances ci-dessous sans saisir de date. Tous les appartements","og_url":"https:\/\/www.azapartments.ch\/fr\/verifier-la-disponibilite-appartements\/","og_site_name":"AZapartments Gr\u00e4chen | Ferienwohnungen im Haus Lunic 5* und Clarino 4*","article_modified_time":"2023-04-28T07:44:43+00:00","twitter_card":"summary_large_image","twitter_misc":{"Dur\u00e9e de lecture estim\u00e9e":"1 minute"},"schema":{"@context":"https:\/\/schema.org","@graph":[{"@type":"WebPage","@id":"https:\/\/www.azapartments.ch\/fr\/verifier-la-disponibilite-appartements\/","url":"https:\/\/www.azapartments.ch\/fr\/verifier-la-disponibilite-appartements\/","name":"V\u00e9rifier la disponibilit\u00e9 - Appartements - AZapartments Gr\u00e4chen | Ferienwohnungen im Haus Lunic 5* und Clarino 4*","isPartOf":{"@id":"https:\/\/www.azapartments.ch\/fr\/#website"},"datePublished":"2022-10-05T16:04:41+00:00","dateModified":"2023-04-28T07:44:43+00:00","breadcrumb":{"@id":"https:\/\/www.azapartments.ch\/fr\/verifier-la-disponibilite-appartements\/#breadcrumb"},"inLanguage":"fr-FR","potentialAction":[{"@type":"ReadAction","target":["https:\/\/www.azapartments.ch\/fr\/verifier-la-disponibilite-appartements\/"]}]},{"@type":"BreadcrumbList","@id":"https:\/\/www.azapartments.ch\/fr\/verifier-la-disponibilite-appartements\/#breadcrumb","itemListElement":[{"@type":"ListItem","position":1,"name":"Startseite","item":"https:\/\/www.azapartments.ch\/fr\/"},{"@type":"ListItem","position":2,"name":"V\u00e9rifier la disponibilit\u00e9 - Appartements"}]},{"@type":"WebSite","@id":"https:\/\/www.azapartments.ch\/fr\/#website","url":"https:\/\/www.azapartments.ch\/fr\/","name":"AZapartments Gr\u00e4chen | Ferienwohnungen im Haus Lunic 5* und Clarino 4*","description":"","potentialAction":[{"@type":"SearchAction","target":{"@type":"EntryPoint","urlTemplate":"https:\/\/www.azapartments.ch\/fr\/?s={search_term_string}"},"query-input":{"@type":"PropertyValueSpecification","valueRequired":true,"valueName":"search_term_string"}}],"inLanguage":"fr-FR"}]}},"uagb_featured_image_src":{"full":false,"thumbnail":false,"medium":false,"medium_large":false,"large":false,"1536x1536":false,"2048x2048":false},"uagb_author_info":{"display_name":"admin","author_link":"https:\/\/www.azapartments.ch\/fr\/author\/ekxnbvqgru\/"},"uagb_comment_info":0,"uagb_excerpt":"V\u00e9rifier la disponibilit\u00e9 Vous pouvez \u00e9galement consulter les appartements de vacances ci-dessous sans saisir de date. Tous les appartements","_links":{"self":[{"href":"https:\/\/www.azapartments.ch\/fr\/wp-json\/wp\/v2\/pages\/991","targetHints":{"allow":["GET"]}}],"collection":[{"href":"https:\/\/www.azapartments.ch\/fr\/wp-json\/wp\/v2\/pages"}],"about":[{"href":"https:\/\/www.azapartments.ch\/fr\/wp-json\/wp\/v2\/types\/page"}],"author":[{"embeddable":true,"href":"https:\/\/www.azapartments.ch\/fr\/wp-json\/wp\/v2\/users\/1"}],"replies":[{"embeddable":true,"href":"https:\/\/www.azapartments.ch\/fr\/wp-json\/wp\/v2\/comments?post=991"}],"version-history":[{"count":3,"href":"https:\/\/www.azapartments.ch\/fr\/wp-json\/wp\/v2\/pages\/991\/revisions"}],"predecessor-version":[{"id":1119,"href":"https:\/\/www.azapartments.ch\/fr\/wp-json\/wp\/v2\/pages\/991\/revisions\/1119"}],"wp:attachment":[{"href":"https:\/\/www.azapartments.ch\/fr\/wp-json\/wp\/v2\/media?parent=991"}],"curies":[{"name":"wp","href":"https:\/\/api.w.org\/{rel}","templated":true}]}}