{"id":994,"date":"2022-10-05T16:04:41","date_gmt":"2022-10-05T16:04:41","guid":{"rendered":"https:\/\/www.azapartments.ch\/actualites\/"},"modified":"2023-04-28T07:42:22","modified_gmt":"2023-04-28T07:42:22","slug":"actualites","status":"publish","type":"page","link":"https:\/\/www.azapartments.ch\/fr\/actualites\/","title":{"rendered":"Actualit\u00e9s"},"content":{"rendered":"\n<div class=\"wp-block-uagb-container bookbox uagb-block-64365aed alignfull uagb-is-root-container\"><div class=\"uagb-container-inner-blocks-wrap\">\n<div style=\"height:60px\" aria-hidden=\"true\" class=\"wp-block-spacer\"><\/div>\n\n\n\n<h1 class=\"wp-block-heading\">Actualit\u00e9s<\/h1>\n\n\n\n<div style=\"height:50px\" aria-hidden=\"true\" class=\"wp-block-spacer\"><\/div>\n\n\n\n\t\t\t<div class=\"wp-block-uagb-post-grid uagb-post-grid  uagb-post__image-position-top uagb-post__image-disabled uagb-block-337f1cc1     uagb-post__items uagb-post__columns-3 is-grid uagb-post__columns-tablet-2 uagb-post__columns-mobile-1 uagb-post__equal-height\" data-total=\"1\" style=\"\">\n\n\t\t\t\t\t\t\t\t\t\t\t\t<article class=\"uagb-post__inner-wrap\">\t\t\t\t\t\t\t\t<h4 class=\"uagb-post__title uagb-post__text\">\n\t\t\t\t<a href=\"https:\/\/www.azapartments.ch\/fr\/vue-panoramique-a-360\/\" target=\"_self\" rel=\"bookmark noopener noreferrer\">Vue panoramique \u00e0 360<\/a>\n\t\t\t<\/h4>\n\t\t\t\t\t\t<div class='uagb-post__text uagb-post-grid-byline'>\n\t\t\t\t\t\t\t\t<time datetime=\"2024-04-11T08:29:29+00:00\" class=\"uagb-post__date\">\n\t\t\t\t<span class=\"dashicons-calendar dashicons\"><\/span>\t\t\t\t\tavril 11, 2024\t\t\t\t<\/time>\n\t\t\t\t\t\t<\/div>\n\t\t\t\t\t\t\t<div class='uagb-post__text uagb-post__excerpt'>\n\t\t\t\t\t<p>Venez nous rendre visite d\u00e8s maintenant. Avec la visite virtuelle devant et \u00e0 travers la...\t\t\t\t<\/div>\n\t\t\t\t\t\t<div class=\"uagb-post__text uagb-post__cta wp-block-button\">\n\t\t\t\t<a class=\"wp-block-button__link uagb-text-link\" style=\"\" href=\"https:\/\/www.azapartments.ch\/fr\/vue-panoramique-a-360\/\" target=\"_self\" rel=\"bookmark noopener noreferrer\">Lire la suite<\/a>\n\t\t\t<\/div>\n\t\t\t\n\t\t\t\t\t\t\t\t\t<\/article>\n\t\t\t\t\t\t\t\t\t\t\t\t\t\t\t\t<article class=\"uagb-post__inner-wrap\">\t\t\t\t\t\t\t\t<h4 class=\"uagb-post__title uagb-post__text\">\n\t\t\t\t<a href=\"https:\/\/www.azapartments.ch\/fr\/velo-local-a-skis-poussettes\/\" target=\"_self\" rel=\"bookmark noopener noreferrer\">V\u00e9lo \/ local \u00e0 skis \/ poussettes<\/a>\n\t\t\t<\/h4>\n\t\t\t\t\t\t<div class='uagb-post__text uagb-post-grid-byline'>\n\t\t\t\t\t\t\t\t<time datetime=\"2023-04-21T14:59:08+00:00\" class=\"uagb-post__date\">\n\t\t\t\t<span class=\"dashicons-calendar dashicons\"><\/span>\t\t\t\t\tavril 21, 2023\t\t\t\t<\/time>\n\t\t\t\t\t\t<\/div>\n\t\t\t\t\t\t\t<div class='uagb-post__text uagb-post__excerpt'>\n\t\t\t\t\t<p>Local \u00e0 skis &amp; snowboard Vous pouvez laisser votre \u00e9quipement de ski complet dans notre...\t\t\t\t<\/div>\n\t\t\t\t\t\t<div class=\"uagb-post__text uagb-post__cta wp-block-button\">\n\t\t\t\t<a class=\"wp-block-button__link uagb-text-link\" style=\"\" href=\"https:\/\/www.azapartments.ch\/fr\/velo-local-a-skis-poussettes\/\" target=\"_self\" rel=\"bookmark noopener noreferrer\">Lire la suite<\/a>\n\t\t\t<\/div>\n\t\t\t\n\t\t\t\t\t\t\t\t\t<\/article>\n\t\t\t\t\t\t\t\t\t\t\t\t\t\t\t\t<article class=\"uagb-post__inner-wrap\">\t\t\t\t\t\t\t\t<h4 class=\"uagb-post__title uagb-post__text\">\n\t\t\t\t<a href=\"https:\/\/www.azapartments.ch\/fr\/avantages-exclusifs\/\" target=\"_self\" rel=\"bookmark noopener noreferrer\">Avantages exclusifs<\/a>\n\t\t\t<\/h4>\n\t\t\t\t\t\t<div class='uagb-post__text uagb-post-grid-byline'>\n\t\t\t\t\t\t\t\t<time datetime=\"2023-04-21T14:55:20+00:00\" class=\"uagb-post__date\">\n\t\t\t\t<span class=\"dashicons-calendar dashicons\"><\/span>\t\t\t\t\tavril 21, 2023\t\t\t\t<\/time>\n\t\t\t\t\t\t<\/div>\n\t\t\t\t\t\t\t<div class='uagb-post__text uagb-post__excerpt'>\n\t\t\t\t\t<p>R\u00e9servez directement chez nous et profitez de nos services exclusifs : Nos partenaires : \u00c9cole...\t\t\t\t<\/div>\n\t\t\t\t\t\t<div class=\"uagb-post__text uagb-post__cta wp-block-button\">\n\t\t\t\t<a class=\"wp-block-button__link uagb-text-link\" style=\"\" href=\"https:\/\/www.azapartments.ch\/fr\/avantages-exclusifs\/\" target=\"_self\" rel=\"bookmark noopener noreferrer\">Lire la suite<\/a>\n\t\t\t<\/div>\n\t\t\t\n\t\t\t\t\t\t\t\t\t<\/article>\n\t\t\t\t\t\t\t\t\t\t\t\t\t\t\t\t<article class=\"uagb-post__inner-wrap\">\t\t\t\t\t\t\t\t<h4 class=\"uagb-post__title uagb-post__text\">\n\t\t\t\t<a href=\"https:\/\/www.azapartments.ch\/fr\/luges-raquettes-a-neige\/\" target=\"_self\" rel=\"bookmark noopener noreferrer\">Luges &amp; raquettes \u00e0 neige<\/a>\n\t\t\t<\/h4>\n\t\t\t\t\t\t<div class='uagb-post__text uagb-post-grid-byline'>\n\t\t\t\t\t\t\t\t<time datetime=\"2023-04-21T14:46:32+00:00\" class=\"uagb-post__date\">\n\t\t\t\t<span class=\"dashicons-calendar dashicons\"><\/span>\t\t\t\t\tavril 21, 2023\t\t\t\t<\/time>\n\t\t\t\t\t\t<\/div>\n\t\t\t\t\t\t\t<div class='uagb-post__text uagb-post__excerpt'>\n\t\t\t\t\t<p>Des luges de Davos (\u00e9galement avec si\u00e8ge pour enfant), des bobs et diverses raquettes \u00e0...\t\t\t\t<\/div>\n\t\t\t\t\t\t<div class=\"uagb-post__text uagb-post__cta wp-block-button\">\n\t\t\t\t<a class=\"wp-block-button__link uagb-text-link\" style=\"\" href=\"https:\/\/www.azapartments.ch\/fr\/luges-raquettes-a-neige\/\" target=\"_self\" rel=\"bookmark noopener noreferrer\">Lire la suite<\/a>\n\t\t\t<\/div>\n\t\t\t\n\t\t\t\t\t\t\t\t\t<\/article>\n\t\t\t\t\t\t\t\t\t\t\t\t\t\t\t\t<article class=\"uagb-post__inner-wrap\">\t\t\t\t\t\t\t\t<h4 class=\"uagb-post__title uagb-post__text\">\n\t\t\t\t<a href=\"https:\/\/www.azapartments.ch\/fr\/depot-de-skis-pres-de-la-station-de-depart\/\" target=\"_self\" rel=\"bookmark noopener noreferrer\">D\u00e9p\u00f4t de skis pr\u00e8s de la station de d\u00e9part<\/a>\n\t\t\t<\/h4>\n\t\t\t\t\t\t<div class='uagb-post__text uagb-post-grid-byline'>\n\t\t\t\t\t\t\t\t<time datetime=\"2023-04-21T14:42:51+00:00\" class=\"uagb-post__date\">\n\t\t\t\t<span class=\"dashicons-calendar dashicons\"><\/span>\t\t\t\t\tavril 21, 2023\t\t\t\t<\/time>\n\t\t\t\t\t\t<\/div>\n\t\t\t\t\t\t\t<div class='uagb-post__text uagb-post__excerpt'>\n\t\t\t\t\t<p>Nous offrons \u00e0 nos h\u00f4tes la possibilit\u00e9 de louer des armoires \u00e0 skis pour 4...\t\t\t\t<\/div>\n\t\t\t\t\t\t<div class=\"uagb-post__text uagb-post__cta wp-block-button\">\n\t\t\t\t<a class=\"wp-block-button__link uagb-text-link\" style=\"\" href=\"https:\/\/www.azapartments.ch\/fr\/depot-de-skis-pres-de-la-station-de-depart\/\" target=\"_self\" rel=\"bookmark noopener noreferrer\">Lire la suite<\/a>\n\t\t\t<\/div>\n\t\t\t\n\t\t\t\t\t\t\t\t\t<\/article>\n\t\t\t\t\t\t\t\t\t\t\t\t\t\t\t\t<article class=\"uagb-post__inner-wrap\">\t\t\t\t\t\t\t\t<h4 class=\"uagb-post__title uagb-post__text\">\n\t\t\t\t<a href=\"https:\/\/www.azapartments.ch\/fr\/billet-a-lheure-de-la-pierre\/\" target=\"_self\" rel=\"bookmark noopener noreferrer\">Billet \u00e0 l'heure de la pierre<\/a>\n\t\t\t<\/h4>\n\t\t\t\t\t\t<div class='uagb-post__text uagb-post-grid-byline'>\n\t\t\t\t\t\t\t\t<time datetime=\"2022-10-05T13:34:46+00:00\" class=\"uagb-post__date\">\n\t\t\t\t<span class=\"dashicons-calendar dashicons\"><\/span>\t\t\t\t\toctobre 5, 2022\t\t\t\t<\/time>\n\t\t\t\t\t\t<\/div>\n\t\t\t\t\t\t\t<div class='uagb-post__text uagb-post__excerpt'>\n\t\t\t\t\t<p>Ton exp\u00e9rience du Cervin commence d\u00e9j\u00e0 \u00e0 Gr\u00e4chen ! Avec ce \"Stein-Zeit Ticket\", on monte...\t\t\t\t<\/div>\n\t\t\t\t\t\t<div class=\"uagb-post__text uagb-post__cta wp-block-button\">\n\t\t\t\t<a class=\"wp-block-button__link uagb-text-link\" style=\"\" href=\"https:\/\/www.azapartments.ch\/fr\/billet-a-lheure-de-la-pierre\/\" target=\"_self\" rel=\"bookmark noopener noreferrer\">Lire la suite<\/a>\n\t\t\t<\/div>\n\t\t\t\n\t\t\t\t\t\t\t\t\t<\/article>\n\t\t\t\t\t\t\t\t\t\t\t\t\t\t\t\t<article class=\"uagb-post__inner-wrap\">\t\t\t\t\t\t\t\t<h4 class=\"uagb-post__title uagb-post__text\">\n\t\t\t\t<a href=\"https:\/\/www.azapartments.ch\/fr\/lheure-de-la-randonnee-a-graechen\/\" target=\"_self\" rel=\"bookmark noopener noreferrer\">L'heure de la randonn\u00e9e \u00e0 Gr\u00e4chen<\/a>\n\t\t\t<\/h4>\n\t\t\t\t\t\t<div class='uagb-post__text uagb-post-grid-byline'>\n\t\t\t\t\t\t\t\t<time datetime=\"2022-10-05T13:34:46+00:00\" class=\"uagb-post__date\">\n\t\t\t\t<span class=\"dashicons-calendar dashicons\"><\/span>\t\t\t\t\toctobre 5, 2022\t\t\t\t<\/time>\n\t\t\t\t\t\t<\/div>\n\t\t\t\t\t\t\t<div class='uagb-post__text uagb-post__excerpt'>\n\t\t\t\t\t<p>Notre village est situ\u00e9 \u00e0 1620 m\u00e8tres d'altitude et le soleil brille 299 \u00bd jours...\t\t\t\t<\/div>\n\t\t\t\t\t\t<div class=\"uagb-post__text uagb-post__cta wp-block-button\">\n\t\t\t\t<a class=\"wp-block-button__link uagb-text-link\" style=\"\" href=\"https:\/\/www.azapartments.ch\/fr\/lheure-de-la-randonnee-a-graechen\/\" target=\"_self\" rel=\"bookmark noopener noreferrer\">Lire la suite<\/a>\n\t\t\t<\/div>\n\t\t\t\n\t\t\t\t\t\t\t\t\t<\/article>\n\t\t\t\t\t\t\t\t\t\t\t\t\t\t\t\t<article class=\"uagb-post__inner-wrap\">\t\t\t\t\t\t\t\t<h4 class=\"uagb-post__title uagb-post__text\">\n\t\t\t\t<a href=\"https:\/\/www.azapartments.ch\/fr\/best-time-bike-a-graechen\/\" target=\"_self\" rel=\"bookmark noopener noreferrer\">Best - Time - Bike \u00e0 Gr\u00e4chen<\/a>\n\t\t\t<\/h4>\n\t\t\t\t\t\t<div class='uagb-post__text uagb-post-grid-byline'>\n\t\t\t\t\t\t\t\t<time datetime=\"2022-10-05T13:33:44+00:00\" class=\"uagb-post__date\">\n\t\t\t\t<span class=\"dashicons-calendar dashicons\"><\/span>\t\t\t\t\toctobre 5, 2022\t\t\t\t<\/time>\n\t\t\t\t\t\t<\/div>\n\t\t\t\t\t\t\t<div class='uagb-post__text uagb-post__excerpt'>\n\t\t\t\t\t<p>La r\u00e9gion VTT de Gr\u00e4chen-Vi\u00e8ge dispose du plus grand r\u00e9seau de pistes VTT homologu\u00e9es du...\t\t\t\t<\/div>\n\t\t\t\t\t\t<div class=\"uagb-post__text uagb-post__cta wp-block-button\">\n\t\t\t\t<a class=\"wp-block-button__link uagb-text-link\" style=\"\" href=\"https:\/\/www.azapartments.ch\/fr\/best-time-bike-a-graechen\/\" target=\"_self\" rel=\"bookmark noopener noreferrer\">Lire la suite<\/a>\n\t\t\t<\/div>\n\t\t\t\n\t\t\t\t\t\t\t\t\t<\/article>\n\t\t\t\t\t\t\t\t\t\t\t\t\t\t\t\t<article class=\"uagb-post__inner-wrap\">\t\t\t\t\t\t\t\t<h4 class=\"uagb-post__title uagb-post__text\">\n\t\t\t\t<a href=\"https:\/\/www.azapartments.ch\/fr\/service-de-petits-pains-ou-petit-dejeuner-buffet\/\" target=\"_self\" rel=\"bookmark noopener noreferrer\">Service de petits pains ou petit-d\u00e9jeuner buffet<\/a>\n\t\t\t<\/h4>\n\t\t\t\t\t\t<div class='uagb-post__text uagb-post-grid-byline'>\n\t\t\t\t\t\t\t\t<time datetime=\"2022-10-05T13:33:20+00:00\" class=\"uagb-post__date\">\n\t\t\t\t<span class=\"dashicons-calendar dashicons\"><\/span>\t\t\t\t\toctobre 5, 2022\t\t\t\t<\/time>\n\t\t\t\t\t\t<\/div>\n\t\t\t\t\t\t\t<div class='uagb-post__text uagb-post__excerpt'>\n\t\t\t\t\t<p>Service de petits pains jusqu'\u00e0 la porte de votre appartement. Vous commandez votre pain et...\t\t\t\t<\/div>\n\t\t\t\t\t\t<div class=\"uagb-post__text uagb-post__cta wp-block-button\">\n\t\t\t\t<a class=\"wp-block-button__link uagb-text-link\" style=\"\" href=\"https:\/\/www.azapartments.ch\/fr\/service-de-petits-pains-ou-petit-dejeuner-buffet\/\" target=\"_self\" rel=\"bookmark noopener noreferrer\">Lire la suite<\/a>\n\t\t\t<\/div>\n\t\t\t\n\t\t\t\t\t\t\t\t\t<\/article>\n\t\t\t\t\t\t\t\t\t\t\t\t\t\t\t\t<article class=\"uagb-post__inner-wrap\">\t\t\t\t\t\t\t\t<h4 class=\"uagb-post__title uagb-post__text\">\n\t\t\t\t<a href=\"https:\/\/www.azapartments.ch\/fr\/station-de-recharge-pour-voitures-electriques-22kw-directement-a-cote-de-la-maison\/\" target=\"_self\" rel=\"bookmark noopener noreferrer\">Station de recharge pour voitures \u00e9lectriques 22KW directement \u00e0 c\u00f4t\u00e9 de la maison<\/a>\n\t\t\t<\/h4>\n\t\t\t\t\t\t<div class='uagb-post__text uagb-post-grid-byline'>\n\t\t\t\t\t\t\t\t<time datetime=\"2022-09-23T12:35:42+00:00\" class=\"uagb-post__date\">\n\t\t\t\t<span class=\"dashicons-calendar dashicons\"><\/span>\t\t\t\t\tseptembre 23, 2022\t\t\t\t<\/time>\n\t\t\t\t\t\t<\/div>\n\t\t\t\t\t\t\t<div class='uagb-post__text uagb-post__excerpt'>\n\t\t\t\t\t<p>Depuis le printemps 2022, vous pouvez recharger votre voiture \u00e9lectrique directement devant la maison \u00e0...\t\t\t\t<\/div>\n\t\t\t\t\t\t<div class=\"uagb-post__text uagb-post__cta wp-block-button\">\n\t\t\t\t<a class=\"wp-block-button__link uagb-text-link\" style=\"\" href=\"https:\/\/www.azapartments.ch\/fr\/station-de-recharge-pour-voitures-electriques-22kw-directement-a-cote-de-la-maison\/\" target=\"_self\" rel=\"bookmark noopener noreferrer\">Lire la suite<\/a>\n\t\t\t<\/div>\n\t\t\t\n\t\t\t\t\t\t\t\t\t<\/article>\n\t\t\t\t\t\t\t\t\t\t\t<\/div>\n\t\t\t\n\n\n<div style=\"height:60px\" aria-hidden=\"true\" class=\"wp-block-spacer\"><\/div>\n<\/div><\/div>\n","protected":false},"excerpt":{"rendered":"<p>Actualit\u00e9s<\/p>\n","protected":false},"author":1,"featured_media":0,"parent":0,"menu_order":0,"comment_status":"closed","ping_status":"closed","template":"","meta":{"inline_featured_image":false,"_uag_custom_page_level_css":"","footnotes":""},"class_list":["post-994","page","type-page","status-publish","hentry"],"yoast_head":"<!-- This site is optimized with the Yoast SEO plugin v27.2 - https:\/\/yoast.com\/product\/yoast-seo-wordpress\/ -->\n<title>Actualit\u00e9s - AZapartments Gr\u00e4chen | Ferienwohnungen im Haus Lunic 5* und Clarino 4*<\/title>\n<meta name=\"description\" content=\"Actualit\u00e9s sur Gr\u00e4chen et AZ Apartments. Des avantages exclusifs, des offres, des billets... d\u00e9couvrez \u00e9galement notre station de recharge pour voitures \u00e9lectriques.\" \/>\n<meta name=\"robots\" content=\"index, follow, max-snippet:-1, max-image-preview:large, max-video-preview:-1\" \/>\n<link rel=\"canonical\" href=\"https:\/\/www.azapartments.ch\/fr\/actualites\/\" \/>\n<meta property=\"og:locale\" content=\"fr_FR\" \/>\n<meta property=\"og:type\" content=\"article\" \/>\n<meta property=\"og:title\" content=\"Actualit\u00e9s - AZapartments Gr\u00e4chen | Ferienwohnungen im Haus Lunic 5* und Clarino 4*\" \/>\n<meta property=\"og:description\" content=\"Actualit\u00e9s sur Gr\u00e4chen et AZ Apartments. Des avantages exclusifs, des offres, des billets... d\u00e9couvrez \u00e9galement notre station de recharge pour voitures \u00e9lectriques.\" \/>\n<meta property=\"og:url\" content=\"https:\/\/www.azapartments.ch\/fr\/actualites\/\" \/>\n<meta property=\"og:site_name\" content=\"AZapartments Gr\u00e4chen | Ferienwohnungen im Haus Lunic 5* und Clarino 4*\" \/>\n<meta property=\"article:modified_time\" content=\"2023-04-28T07:42:22+00:00\" \/>\n<meta name=\"twitter:card\" content=\"summary_large_image\" \/>\n<meta name=\"twitter:label1\" content=\"Dur\u00e9e de lecture estim\u00e9e\" \/>\n\t<meta name=\"twitter:data1\" content=\"1 minute\" \/>\n<script type=\"application\/ld+json\" class=\"yoast-schema-graph\">{\"@context\":\"https:\/\/schema.org\",\"@graph\":[{\"@type\":\"WebPage\",\"@id\":\"https:\/\/www.azapartments.ch\/fr\/actualites\/\",\"url\":\"https:\/\/www.azapartments.ch\/fr\/actualites\/\",\"name\":\"Actualit\u00e9s - AZapartments Gr\u00e4chen | Ferienwohnungen im Haus Lunic 5* und Clarino 4*\",\"isPartOf\":{\"@id\":\"https:\/\/www.azapartments.ch\/fr\/#website\"},\"datePublished\":\"2022-10-05T16:04:41+00:00\",\"dateModified\":\"2023-04-28T07:42:22+00:00\",\"description\":\"Actualit\u00e9s sur Gr\u00e4chen et AZ Apartments. Des avantages exclusifs, des offres, des billets... d\u00e9couvrez \u00e9galement notre station de recharge pour voitures \u00e9lectriques.\",\"breadcrumb\":{\"@id\":\"https:\/\/www.azapartments.ch\/fr\/actualites\/#breadcrumb\"},\"inLanguage\":\"fr-FR\",\"potentialAction\":[{\"@type\":\"ReadAction\",\"target\":[\"https:\/\/www.azapartments.ch\/fr\/actualites\/\"]}]},{\"@type\":\"BreadcrumbList\",\"@id\":\"https:\/\/www.azapartments.ch\/fr\/actualites\/#breadcrumb\",\"itemListElement\":[{\"@type\":\"ListItem\",\"position\":1,\"name\":\"Startseite\",\"item\":\"https:\/\/www.azapartments.ch\/fr\/\"},{\"@type\":\"ListItem\",\"position\":2,\"name\":\"Actualit\u00e9s\"}]},{\"@type\":\"WebSite\",\"@id\":\"https:\/\/www.azapartments.ch\/fr\/#website\",\"url\":\"https:\/\/www.azapartments.ch\/fr\/\",\"name\":\"AZapartments Gr\u00e4chen | Ferienwohnungen im Haus Lunic 5* und Clarino 4*\",\"description\":\"\",\"potentialAction\":[{\"@type\":\"SearchAction\",\"target\":{\"@type\":\"EntryPoint\",\"urlTemplate\":\"https:\/\/www.azapartments.ch\/fr\/?s={search_term_string}\"},\"query-input\":{\"@type\":\"PropertyValueSpecification\",\"valueRequired\":true,\"valueName\":\"search_term_string\"}}],\"inLanguage\":\"fr-FR\"}]}<\/script>\n<!-- \/ Yoast SEO plugin. -->","yoast_head_json":{"title":"Actualit\u00e9s - AZapartments Gr\u00e4chen | Ferienwohnungen im Haus Lunic 5* und Clarino 4*","description":"Actualit\u00e9s sur Gr\u00e4chen et AZ Apartments. Des avantages exclusifs, des offres, des billets... d\u00e9couvrez \u00e9galement notre station de recharge pour voitures \u00e9lectriques.","robots":{"index":"index","follow":"follow","max-snippet":"max-snippet:-1","max-image-preview":"max-image-preview:large","max-video-preview":"max-video-preview:-1"},"canonical":"https:\/\/www.azapartments.ch\/fr\/actualites\/","og_locale":"fr_FR","og_type":"article","og_title":"Actualit\u00e9s - AZapartments Gr\u00e4chen | Ferienwohnungen im Haus Lunic 5* und Clarino 4*","og_description":"Actualit\u00e9s sur Gr\u00e4chen et AZ Apartments. Des avantages exclusifs, des offres, des billets... d\u00e9couvrez \u00e9galement notre station de recharge pour voitures \u00e9lectriques.","og_url":"https:\/\/www.azapartments.ch\/fr\/actualites\/","og_site_name":"AZapartments Gr\u00e4chen | Ferienwohnungen im Haus Lunic 5* und Clarino 4*","article_modified_time":"2023-04-28T07:42:22+00:00","twitter_card":"summary_large_image","twitter_misc":{"Dur\u00e9e de lecture estim\u00e9e":"1 minute"},"schema":{"@context":"https:\/\/schema.org","@graph":[{"@type":"WebPage","@id":"https:\/\/www.azapartments.ch\/fr\/actualites\/","url":"https:\/\/www.azapartments.ch\/fr\/actualites\/","name":"Actualit\u00e9s - AZapartments Gr\u00e4chen | Ferienwohnungen im Haus Lunic 5* und Clarino 4*","isPartOf":{"@id":"https:\/\/www.azapartments.ch\/fr\/#website"},"datePublished":"2022-10-05T16:04:41+00:00","dateModified":"2023-04-28T07:42:22+00:00","description":"Actualit\u00e9s sur Gr\u00e4chen et AZ Apartments. Des avantages exclusifs, des offres, des billets... d\u00e9couvrez \u00e9galement notre station de recharge pour voitures \u00e9lectriques.","breadcrumb":{"@id":"https:\/\/www.azapartments.ch\/fr\/actualites\/#breadcrumb"},"inLanguage":"fr-FR","potentialAction":[{"@type":"ReadAction","target":["https:\/\/www.azapartments.ch\/fr\/actualites\/"]}]},{"@type":"BreadcrumbList","@id":"https:\/\/www.azapartments.ch\/fr\/actualites\/#breadcrumb","itemListElement":[{"@type":"ListItem","position":1,"name":"Startseite","item":"https:\/\/www.azapartments.ch\/fr\/"},{"@type":"ListItem","position":2,"name":"Actualit\u00e9s"}]},{"@type":"WebSite","@id":"https:\/\/www.azapartments.ch\/fr\/#website","url":"https:\/\/www.azapartments.ch\/fr\/","name":"AZapartments Gr\u00e4chen | Ferienwohnungen im Haus Lunic 5* und Clarino 4*","description":"","potentialAction":[{"@type":"SearchAction","target":{"@type":"EntryPoint","urlTemplate":"https:\/\/www.azapartments.ch\/fr\/?s={search_term_string}"},"query-input":{"@type":"PropertyValueSpecification","valueRequired":true,"valueName":"search_term_string"}}],"inLanguage":"fr-FR"}]}},"uagb_featured_image_src":{"full":false,"thumbnail":false,"medium":false,"medium_large":false,"large":false,"1536x1536":false,"2048x2048":false},"uagb_author_info":{"display_name":"admin","author_link":"https:\/\/www.azapartments.ch\/fr\/author\/ekxnbvqgru\/"},"uagb_comment_info":0,"uagb_excerpt":"Actualit\u00e9s","_links":{"self":[{"href":"https:\/\/www.azapartments.ch\/fr\/wp-json\/wp\/v2\/pages\/994","targetHints":{"allow":["GET"]}}],"collection":[{"href":"https:\/\/www.azapartments.ch\/fr\/wp-json\/wp\/v2\/pages"}],"about":[{"href":"https:\/\/www.azapartments.ch\/fr\/wp-json\/wp\/v2\/types\/page"}],"author":[{"embeddable":true,"href":"https:\/\/www.azapartments.ch\/fr\/wp-json\/wp\/v2\/users\/1"}],"replies":[{"embeddable":true,"href":"https:\/\/www.azapartments.ch\/fr\/wp-json\/wp\/v2\/comments?post=994"}],"version-history":[{"count":2,"href":"https:\/\/www.azapartments.ch\/fr\/wp-json\/wp\/v2\/pages\/994\/revisions"}],"predecessor-version":[{"id":1112,"href":"https:\/\/www.azapartments.ch\/fr\/wp-json\/wp\/v2\/pages\/994\/revisions\/1112"}],"wp:attachment":[{"href":"https:\/\/www.azapartments.ch\/fr\/wp-json\/wp\/v2\/media?parent=994"}],"curies":[{"name":"wp","href":"https:\/\/api.w.org\/{rel}","templated":true}]}}