{"id":997,"date":"2022-10-05T16:04:41","date_gmt":"2022-10-05T16:04:41","guid":{"rendered":"https:\/\/www.azapartments.ch\/arrivee\/"},"modified":"2023-04-28T07:42:57","modified_gmt":"2023-04-28T07:42:57","slug":"arrivee","status":"publish","type":"page","link":"https:\/\/www.azapartments.ch\/fr\/arrivee\/","title":{"rendered":"Arriv\u00e9e"},"content":{"rendered":"\n<div class=\"wp-block-uagb-container bookbox uagb-block-cfc1d332 alignfull uagb-is-root-container\"><div class=\"uagb-container-inner-blocks-wrap\">\n<div style=\"height:60px\" aria-hidden=\"true\" class=\"wp-block-spacer\"><\/div>\n\n\n\n<h1 class=\"wp-block-heading\">Arriv\u00e9e<\/h1>\n\n\n\n<div style=\"height:50px\" aria-hidden=\"true\" class=\"wp-block-spacer\"><\/div>\n\n\n\n<figure class=\"wp-block-image size-full is-resized\"><img decoding=\"async\" src=\"https:\/\/www.azapartments.ch\/wp-content\/uploads\/2022\/11\/karte-winter.jpg\" alt=\"Arriv\u00e9e en hiver\" class=\"wp-image-577\" width=\"1200\" srcset=\"https:\/\/www.azapartments.ch\/wp-content\/uploads\/2022\/11\/karte-winter.jpg 1280w, https:\/\/www.azapartments.ch\/wp-content\/uploads\/2022\/11\/karte-winter-300x212.jpg 300w, https:\/\/www.azapartments.ch\/wp-content\/uploads\/2022\/11\/karte-winter-1024x724.jpg 1024w, https:\/\/www.azapartments.ch\/wp-content\/uploads\/2022\/11\/karte-winter-768x543.jpg 768w\" sizes=\"(max-width: 1280px) 100vw, 1280px\" \/><\/figure>\n\n\n\n<figure class=\"wp-block-image size-full\"><img loading=\"lazy\" decoding=\"async\" width=\"1200\" height=\"847\" src=\"https:\/\/www.azapartments.ch\/wp-content\/uploads\/2022\/11\/karte-sommer.jpg\" alt=\"Arriv\u00e9e en \u00e9t\u00e9\" class=\"wp-image-576\" srcset=\"https:\/\/www.azapartments.ch\/wp-content\/uploads\/2022\/11\/karte-sommer.jpg 1200w, https:\/\/www.azapartments.ch\/wp-content\/uploads\/2022\/11\/karte-sommer-300x212.jpg 300w, https:\/\/www.azapartments.ch\/wp-content\/uploads\/2022\/11\/karte-sommer-1024x723.jpg 1024w, https:\/\/www.azapartments.ch\/wp-content\/uploads\/2022\/11\/karte-sommer-768x542.jpg 768w\" sizes=\"auto, (max-width: 1200px) 100vw, 1200px\" \/><\/figure>\n\n\n\n<div class=\"wp-block-buttons is-layout-flex wp-block-buttons-is-layout-flex\">\n<div class=\"wp-block-button\"><a class=\"wp-block-button__link wp-element-button\" href=\"https:\/\/goo.gl\/maps\/L9NKfKrDScaqDxS7A\" style=\"border-radius:3px\" target=\"_blank\" rel=\"noreferrer noopener\">Carte sur Google Maps<\/a><\/div>\n<\/div>\n\n\n\n<div style=\"height:60px\" aria-hidden=\"true\" class=\"wp-block-spacer\"><\/div>\n<\/div><\/div>\n","protected":false},"excerpt":{"rendered":"<p>Arriv\u00e9e<\/p>\n","protected":false},"author":1,"featured_media":0,"parent":0,"menu_order":0,"comment_status":"closed","ping_status":"closed","template":"","meta":{"inline_featured_image":false,"_uag_custom_page_level_css":"","footnotes":""},"class_list":["post-997","page","type-page","status-publish","hentry"],"yoast_head":"<!-- This site is optimized with the Yoast SEO plugin v27.2 - https:\/\/yoast.com\/product\/yoast-seo-wordpress\/ -->\n<title>Arriv\u00e9e - AZapartments Gr\u00e4chen | Ferienwohnungen im Haus Lunic 5* und Clarino 4*<\/title>\n<meta name=\"description\" content=\"Retrouvez la carte des principaux sites de Gr\u00e4chen et le lien vers Google Maps pour vous rendre \u00e0 Gr\u00e4chen.\" \/>\n<meta name=\"robots\" content=\"index, follow, max-snippet:-1, max-image-preview:large, max-video-preview:-1\" \/>\n<link rel=\"canonical\" href=\"https:\/\/www.azapartments.ch\/fr\/arrivee\/\" \/>\n<meta property=\"og:locale\" content=\"fr_FR\" \/>\n<meta property=\"og:type\" content=\"article\" \/>\n<meta property=\"og:title\" content=\"Arriv\u00e9e - AZapartments Gr\u00e4chen | Ferienwohnungen im Haus Lunic 5* und Clarino 4*\" \/>\n<meta property=\"og:description\" content=\"Retrouvez la carte des principaux sites de Gr\u00e4chen et le lien vers Google Maps pour vous rendre \u00e0 Gr\u00e4chen.\" \/>\n<meta property=\"og:url\" content=\"https:\/\/www.azapartments.ch\/fr\/arrivee\/\" \/>\n<meta property=\"og:site_name\" content=\"AZapartments Gr\u00e4chen | Ferienwohnungen im Haus Lunic 5* und Clarino 4*\" \/>\n<meta property=\"article:modified_time\" content=\"2023-04-28T07:42:57+00:00\" \/>\n<meta property=\"og:image\" content=\"https:\/\/www.azapartments.ch\/wp-content\/uploads\/2022\/11\/karte-winter.jpg\" \/>\n<meta name=\"twitter:card\" content=\"summary_large_image\" \/>\n<meta name=\"twitter:label1\" content=\"Dur\u00e9e de lecture estim\u00e9e\" \/>\n\t<meta name=\"twitter:data1\" content=\"1 minute\" \/>\n<script type=\"application\/ld+json\" class=\"yoast-schema-graph\">{\"@context\":\"https:\/\/schema.org\",\"@graph\":[{\"@type\":\"WebPage\",\"@id\":\"https:\/\/www.azapartments.ch\/fr\/arrivee\/\",\"url\":\"https:\/\/www.azapartments.ch\/fr\/arrivee\/\",\"name\":\"Arriv\u00e9e - AZapartments Gr\u00e4chen | Ferienwohnungen im Haus Lunic 5* und Clarino 4*\",\"isPartOf\":{\"@id\":\"https:\/\/www.azapartments.ch\/fr\/#website\"},\"primaryImageOfPage\":{\"@id\":\"https:\/\/www.azapartments.ch\/fr\/arrivee\/#primaryimage\"},\"image\":{\"@id\":\"https:\/\/www.azapartments.ch\/fr\/arrivee\/#primaryimage\"},\"thumbnailUrl\":\"https:\/\/www.azapartments.ch\/wp-content\/uploads\/2022\/11\/karte-winter.jpg\",\"datePublished\":\"2022-10-05T16:04:41+00:00\",\"dateModified\":\"2023-04-28T07:42:57+00:00\",\"description\":\"Retrouvez la carte des principaux sites de Gr\u00e4chen et le lien vers Google Maps pour vous rendre \u00e0 Gr\u00e4chen.\",\"breadcrumb\":{\"@id\":\"https:\/\/www.azapartments.ch\/fr\/arrivee\/#breadcrumb\"},\"inLanguage\":\"fr-FR\",\"potentialAction\":[{\"@type\":\"ReadAction\",\"target\":[\"https:\/\/www.azapartments.ch\/fr\/arrivee\/\"]}]},{\"@type\":\"ImageObject\",\"inLanguage\":\"fr-FR\",\"@id\":\"https:\/\/www.azapartments.ch\/fr\/arrivee\/#primaryimage\",\"url\":\"https:\/\/www.azapartments.ch\/wp-content\/uploads\/2022\/11\/karte-winter.jpg\",\"contentUrl\":\"https:\/\/www.azapartments.ch\/wp-content\/uploads\/2022\/11\/karte-winter.jpg\"},{\"@type\":\"BreadcrumbList\",\"@id\":\"https:\/\/www.azapartments.ch\/fr\/arrivee\/#breadcrumb\",\"itemListElement\":[{\"@type\":\"ListItem\",\"position\":1,\"name\":\"Startseite\",\"item\":\"https:\/\/www.azapartments.ch\/fr\/\"},{\"@type\":\"ListItem\",\"position\":2,\"name\":\"Arriv\u00e9e\"}]},{\"@type\":\"WebSite\",\"@id\":\"https:\/\/www.azapartments.ch\/fr\/#website\",\"url\":\"https:\/\/www.azapartments.ch\/fr\/\",\"name\":\"AZapartments Gr\u00e4chen | Ferienwohnungen im Haus Lunic 5* und Clarino 4*\",\"description\":\"\",\"potentialAction\":[{\"@type\":\"SearchAction\",\"target\":{\"@type\":\"EntryPoint\",\"urlTemplate\":\"https:\/\/www.azapartments.ch\/fr\/?s={search_term_string}\"},\"query-input\":{\"@type\":\"PropertyValueSpecification\",\"valueRequired\":true,\"valueName\":\"search_term_string\"}}],\"inLanguage\":\"fr-FR\"}]}<\/script>\n<!-- \/ Yoast SEO plugin. -->","yoast_head_json":{"title":"Arriv\u00e9e - AZapartments Gr\u00e4chen | Ferienwohnungen im Haus Lunic 5* und Clarino 4*","description":"Retrouvez la carte des principaux sites de Gr\u00e4chen et le lien vers Google Maps pour vous rendre \u00e0 Gr\u00e4chen.","robots":{"index":"index","follow":"follow","max-snippet":"max-snippet:-1","max-image-preview":"max-image-preview:large","max-video-preview":"max-video-preview:-1"},"canonical":"https:\/\/www.azapartments.ch\/fr\/arrivee\/","og_locale":"fr_FR","og_type":"article","og_title":"Arriv\u00e9e - AZapartments Gr\u00e4chen | Ferienwohnungen im Haus Lunic 5* und Clarino 4*","og_description":"Retrouvez la carte des principaux sites de Gr\u00e4chen et le lien vers Google Maps pour vous rendre \u00e0 Gr\u00e4chen.","og_url":"https:\/\/www.azapartments.ch\/fr\/arrivee\/","og_site_name":"AZapartments Gr\u00e4chen | Ferienwohnungen im Haus Lunic 5* und Clarino 4*","article_modified_time":"2023-04-28T07:42:57+00:00","og_image":[{"url":"https:\/\/www.azapartments.ch\/wp-content\/uploads\/2022\/11\/karte-winter.jpg","type":"","width":"","height":""}],"twitter_card":"summary_large_image","twitter_misc":{"Dur\u00e9e de lecture estim\u00e9e":"1 minute"},"schema":{"@context":"https:\/\/schema.org","@graph":[{"@type":"WebPage","@id":"https:\/\/www.azapartments.ch\/fr\/arrivee\/","url":"https:\/\/www.azapartments.ch\/fr\/arrivee\/","name":"Arriv\u00e9e - AZapartments Gr\u00e4chen | Ferienwohnungen im Haus Lunic 5* und Clarino 4*","isPartOf":{"@id":"https:\/\/www.azapartments.ch\/fr\/#website"},"primaryImageOfPage":{"@id":"https:\/\/www.azapartments.ch\/fr\/arrivee\/#primaryimage"},"image":{"@id":"https:\/\/www.azapartments.ch\/fr\/arrivee\/#primaryimage"},"thumbnailUrl":"https:\/\/www.azapartments.ch\/wp-content\/uploads\/2022\/11\/karte-winter.jpg","datePublished":"2022-10-05T16:04:41+00:00","dateModified":"2023-04-28T07:42:57+00:00","description":"Retrouvez la carte des principaux sites de Gr\u00e4chen et le lien vers Google Maps pour vous rendre \u00e0 Gr\u00e4chen.","breadcrumb":{"@id":"https:\/\/www.azapartments.ch\/fr\/arrivee\/#breadcrumb"},"inLanguage":"fr-FR","potentialAction":[{"@type":"ReadAction","target":["https:\/\/www.azapartments.ch\/fr\/arrivee\/"]}]},{"@type":"ImageObject","inLanguage":"fr-FR","@id":"https:\/\/www.azapartments.ch\/fr\/arrivee\/#primaryimage","url":"https:\/\/www.azapartments.ch\/wp-content\/uploads\/2022\/11\/karte-winter.jpg","contentUrl":"https:\/\/www.azapartments.ch\/wp-content\/uploads\/2022\/11\/karte-winter.jpg"},{"@type":"BreadcrumbList","@id":"https:\/\/www.azapartments.ch\/fr\/arrivee\/#breadcrumb","itemListElement":[{"@type":"ListItem","position":1,"name":"Startseite","item":"https:\/\/www.azapartments.ch\/fr\/"},{"@type":"ListItem","position":2,"name":"Arriv\u00e9e"}]},{"@type":"WebSite","@id":"https:\/\/www.azapartments.ch\/fr\/#website","url":"https:\/\/www.azapartments.ch\/fr\/","name":"AZapartments Gr\u00e4chen | Ferienwohnungen im Haus Lunic 5* und Clarino 4*","description":"","potentialAction":[{"@type":"SearchAction","target":{"@type":"EntryPoint","urlTemplate":"https:\/\/www.azapartments.ch\/fr\/?s={search_term_string}"},"query-input":{"@type":"PropertyValueSpecification","valueRequired":true,"valueName":"search_term_string"}}],"inLanguage":"fr-FR"}]}},"uagb_featured_image_src":{"full":false,"thumbnail":false,"medium":false,"medium_large":false,"large":false,"1536x1536":false,"2048x2048":false},"uagb_author_info":{"display_name":"admin","author_link":"https:\/\/www.azapartments.ch\/fr\/author\/ekxnbvqgru\/"},"uagb_comment_info":0,"uagb_excerpt":"Arriv\u00e9e","_links":{"self":[{"href":"https:\/\/www.azapartments.ch\/fr\/wp-json\/wp\/v2\/pages\/997","targetHints":{"allow":["GET"]}}],"collection":[{"href":"https:\/\/www.azapartments.ch\/fr\/wp-json\/wp\/v2\/pages"}],"about":[{"href":"https:\/\/www.azapartments.ch\/fr\/wp-json\/wp\/v2\/types\/page"}],"author":[{"embeddable":true,"href":"https:\/\/www.azapartments.ch\/fr\/wp-json\/wp\/v2\/users\/1"}],"replies":[{"embeddable":true,"href":"https:\/\/www.azapartments.ch\/fr\/wp-json\/wp\/v2\/comments?post=997"}],"version-history":[{"count":2,"href":"https:\/\/www.azapartments.ch\/fr\/wp-json\/wp\/v2\/pages\/997\/revisions"}],"predecessor-version":[{"id":1113,"href":"https:\/\/www.azapartments.ch\/fr\/wp-json\/wp\/v2\/pages\/997\/revisions\/1113"}],"wp:attachment":[{"href":"https:\/\/www.azapartments.ch\/fr\/wp-json\/wp\/v2\/media?parent=997"}],"curies":[{"name":"wp","href":"https:\/\/api.w.org\/{rel}","templated":true}]}}